{"id":1450,"date":"2024-05-31T19:19:38","date_gmt":"2024-05-31T19:19:38","guid":{"rendered":"https:\/\/realdocumen.com\/?page_id=1450"},"modified":"2024-06-21T18:57:27","modified_gmt":"2024-06-21T18:57:27","slug":"recreation-passport-your-gateway-to-adventure","status":"publish","type":"page","link":"https:\/\/realdocumen.com\/tr\/recreation-passport-your-gateway-to-adventure\/","title":{"rendered":"Rekreasyon Pasaportu - Maceraya A\u00e7\u0131lan Kap\u0131n\u0131z"},"content":{"rendered":"<div data-elementor-type=\"wp-page\" data-elementor-id=\"1450\" class=\"elementor elementor-1450\" data-elementor-post-type=\"page\">\n\t\t\t\t<div class=\"elementor-element elementor-element-0341f97 e-flex e-con-boxed e-con e-parent\" data-id=\"0341f97\" data-element_type=\"container\">\n\t\t\t\t\t<div class=\"e-con-inner\">\n\t\t\t\t<div class=\"elementor-element elementor-element-776dc09 elementor-widget elementor-widget-heading\" data-id=\"776dc09\" data-element_type=\"widget\" data-widget_type=\"heading.default\">\n\t\t\t\t<div class=\"elementor-widget-container\">\n\t\t\t<style>\/*! elementor - v3.22.0 - 17-06-2024 *\/\n.elementor-heading-title{padding:0;margin:0;line-height:1}.elementor-widget-heading .elementor-heading-title[class*=elementor-size-]>a{color:inherit;font-size:inherit;line-height:inherit}.elementor-widget-heading .elementor-heading-title.elementor-size-small{font-size:15px}.elementor-widget-heading .elementor-heading-title.elementor-size-medium{font-size:19px}.elementor-widget-heading .elementor-heading-title.elementor-size-large{font-size:29px}.elementor-widget-heading .elementor-heading-title.elementor-size-xl{font-size:39px}.elementor-widget-heading .elementor-heading-title.elementor-size-xxl{font-size:59px}<\/style><h2 class=\"elementor-heading-title elementor-size-default\">Kolay ve G\u00fcvenli Bir \u015eekilde \u00c7evrimi\u00e7i Dinlenme Pasaportu Nas\u0131l Sat\u0131n Al\u0131n\u0131r?<\/h2>\t\t<\/div>\n\t\t\t\t<\/div>\n\t\t\t\t<div class=\"elementor-element elementor-element-9cd864c elementor-widget elementor-widget-text-editor\" data-id=\"9cd864c\" data-element_type=\"widget\" data-widget_type=\"text-editor.default\">\n\t\t\t\t<div class=\"elementor-widget-container\">\n\t\t\t<style>\/*! elementor - v3.22.0 - 17-06-2024 *\/\n.elementor-widget-text-editor.elementor-drop-cap-view-stacked .elementor-drop-cap{background-color:#69727d;color:#fff}.elementor-widget-text-editor.elementor-drop-cap-view-framed .elementor-drop-cap{color:#69727d;border:3px solid;background-color:transparent}.elementor-widget-text-editor:not(.elementor-drop-cap-view-default) .elementor-drop-cap{margin-top:8px}.elementor-widget-text-editor:not(.elementor-drop-cap-view-default) .elementor-drop-cap-letter{width:1em;height:1em}.elementor-widget-text-editor .elementor-drop-cap{float:left;text-align:center;line-height:1;font-size:50px}.elementor-widget-text-editor .elementor-drop-cap-letter{display:inline-block}<\/style>\t\t\t\t<p>Bir rekreasyon pasaportu, eyalet ve milli parklara, rekreasyon alanlar\u0131na ve di\u011fer do\u011fal cazibe merkezlerine eri\u015fim sa\u011flayan harika a\u00e7\u0131k havay\u0131 ke\u015ffetme biletinizdir. \u00c7evrimi\u00e7i bir rekreasyon pasaportu sat\u0131n almak sadece uygun olmakla kalmaz, ayn\u0131 zamanda a\u00e7\u0131k hava maceralar\u0131n\u0131z\u0131 gecikmeden planlayabilmenizi sa\u011flar. Bu k\u0131lavuz, \u00e7evrimi\u00e7i bir rekreasyon pasaportu sat\u0131n alma s\u00fcrecinde size yol g\u00f6sterecek, avantajlar\u0131 vurgulayacak ve sorunsuz bir deneyim i\u00e7in neden bizden sat\u0131n alman\u0131z gerekti\u011fini a\u00e7\u0131klayacakt\u0131r.<\/p>\t\t\t\t\t\t<\/div>\n\t\t\t\t<\/div>\n\t\t\t\t\t<\/div>\n\t\t\t\t<\/div>\n\t\t<div class=\"elementor-element elementor-element-b7e6950 e-flex e-con-boxed e-con e-parent\" data-id=\"b7e6950\" data-element_type=\"container\">\n\t\t\t\t\t<div class=\"e-con-inner\">\n\t\t<div class=\"elementor-element elementor-element-268ba4e e-con-full e-flex e-con e-child\" data-id=\"268ba4e\" data-element_type=\"container\">\n\t\t\t\t<div class=\"elementor-element elementor-element-2ca54e0 elementor-widget elementor-widget-heading\" data-id=\"2ca54e0\" data-element_type=\"widget\" data-widget_type=\"heading.default\">\n\t\t\t\t<div class=\"elementor-widget-container\">\n\t\t\t<h3 class=\"elementor-heading-title elementor-size-default\">Rekreasyon Pasaportu nedir?\n<\/h3>\t\t<\/div>\n\t\t\t\t<\/div>\n\t\t\t\t<div class=\"elementor-element elementor-element-c4deddf elementor-widget elementor-widget-text-editor\" data-id=\"c4deddf\" data-element_type=\"widget\" data-widget_type=\"text-editor.default\">\n\t\t\t\t<div class=\"elementor-widget-container\">\n\t\t\t\t\t\t\t<p>Rekreasyon pasaportu, eyalet ve ulusal parklar\u0131 ve rekreasyon alanlar\u0131n\u0131 ziyaret etmenizi sa\u011flayan y\u0131ll\u0131k bir kartt\u0131r. Genellikle park olanaklar\u0131nda indirim ve \u00f6zel etkinliklere giri\u015f gibi ek avantajlar sa\u011flar. \u0130ster y\u00fcr\u00fcy\u00fc\u015f yapmaktan, kamp kurmaktan, bal\u0131k tutmaktan ya da sadece do\u011fal g\u00fczellikleri seyretmekten ho\u015flan\u0131yor olun, bir rekreasyon pasaportu her a\u00e7\u0131k hava merakl\u0131s\u0131 i\u00e7in vazge\u00e7ilmez bir \u00f6\u011fedir.<\/p>\t\t\t\t\t\t<\/div>\n\t\t\t\t<\/div>\n\t\t\t\t<\/div>\n\t\t<div class=\"elementor-element elementor-element-7d4c5de e-con-full e-flex e-con e-child\" data-id=\"7d4c5de\" data-element_type=\"container\">\n\t\t\t\t<div class=\"elementor-element elementor-element-c774f18 elementor-widget elementor-widget-heading\" data-id=\"c774f18\" data-element_type=\"widget\" data-widget_type=\"heading.default\">\n\t\t\t\t<div class=\"elementor-widget-container\">\n\t\t\t<h3 class=\"elementor-heading-title elementor-size-default\">Neden \u00c7evrimi\u00e7i Dinlenme Pasaportu Sat\u0131n Almal\u0131s\u0131n\u0131z?\n<\/h3>\t\t<\/div>\n\t\t\t\t<\/div>\n\t\t\t\t<div class=\"elementor-element elementor-element-e518e71 elementor-widget elementor-widget-text-editor\" data-id=\"e518e71\" data-element_type=\"widget\" data-widget_type=\"text-editor.default\">\n\t\t\t\t<div class=\"elementor-widget-container\">\n\t\t\t\t\t\t\t<p>\u00c7evrimi\u00e7i bir rekreasyon pasaportu sat\u0131n almak \u00e7e\u015fitli avantajlar sunar:<\/p>\t\t\t\t\t\t<\/div>\n\t\t\t\t<\/div>\n\t\t\t\t<div class=\"elementor-element elementor-element-e111c97 elementor-widget elementor-widget-text-editor\" data-id=\"e111c97\" data-element_type=\"widget\" data-widget_type=\"text-editor.default\">\n\t\t\t\t<div class=\"elementor-widget-container\">\n\t\t\t\t\t\t\t<ul><li><strong>Kolayl\u0131k<\/strong>: Evinizin rahatl\u0131\u011f\u0131nda sat\u0131n al\u0131n.<\/li><li><strong>Zaman Tasarrufu<\/strong>: Uzun kuyruklardan ve evrak i\u015flerinden ka\u00e7\u0131n\u0131n.<\/li><li><strong>An\u0131nda Eri\u015fim<\/strong>: An\u0131nda onay al\u0131n ve seyahatlerinizi hemen planlamaya ba\u015flay\u0131n.<\/li><li><strong>\u00d6zel Teklifler<\/strong>: Yaln\u0131zca \u00e7evrimi\u00e7i indirimlere ve promosyonlara eri\u015fim.<\/li><\/ul>\t\t\t\t\t\t<\/div>\n\t\t\t\t<\/div>\n\t\t\t\t<\/div>\n\t\t\t\t\t<\/div>\n\t\t\t\t<\/div>\n\t\t<div class=\"elementor-element elementor-element-3a6d9cc e-flex e-con-boxed e-con e-parent\" data-id=\"3a6d9cc\" data-element_type=\"container\">\n\t\t\t\t\t<div class=\"e-con-inner\">\n\t\t\t\t<div class=\"elementor-element elementor-element-460f9da elementor-widget elementor-widget-heading\" data-id=\"460f9da\" data-element_type=\"widget\" data-widget_type=\"heading.default\">\n\t\t\t\t<div class=\"elementor-widget-container\">\n\t\t\t<h3 class=\"elementor-heading-title elementor-size-default\">\u00c7evrimi\u00e7i Rekreasyon Pasaportu Sat\u0131n Almak i\u00e7in Ad\u0131m Ad\u0131m K\u0131lavuz\n<\/h3>\t\t<\/div>\n\t\t\t\t<\/div>\n\t\t\t\t<div class=\"elementor-element elementor-element-c5023dd elementor-widget elementor-widget-text-editor\" data-id=\"c5023dd\" data-element_type=\"widget\" data-widget_type=\"text-editor.default\">\n\t\t\t\t<div class=\"elementor-widget-container\">\n\t\t\t\t\t\t\t<h4>1. Web Sitemizi Ziyaret Edin<\/h4><p>Resmi web sitemize gidin ve \"Rekreasyon Pasaportu\" b\u00f6l\u00fcm\u00fcne gidin. Burada, mevcut pasaport t\u00fcrleri ve faydalar\u0131 hakk\u0131nda ayr\u0131nt\u0131l\u0131 bilgi bulacaks\u0131n\u0131z.<\/p><h4>2. Do\u011fru Pasaportu Se\u00e7in<\/h4><p>\u0130htiya\u00e7lar\u0131n\u0131za en uygun rekreasyon pasaportunu se\u00e7in. Se\u00e7enekler aras\u0131nda, her biri farkl\u0131 eri\u015fim ve avantaj seviyeleri sunan bireysel, aile veya k\u0131demli ge\u00e7i\u015f kartlar\u0131 yer alabilir.<\/p><h4>3. Ba\u015fvuru Formunu Doldurun<\/h4><p>Online ba\u015fvuru formunu doldurun. Bu genellikle ad\u0131n\u0131z, adresiniz ve ileti\u015fim bilgileriniz gibi temel bilgileri gerektirecektir. Gecikmeleri \u00f6nlemek i\u00e7in t\u00fcm bilgilerin do\u011fru oldu\u011fundan emin olun.<\/p><h4>4. Gerekli Belgeleri Y\u00fckleyin<\/h4><p>Sat\u0131n ald\u0131\u011f\u0131n\u0131z rekreasyon pasaportunun \u00f6zel gerekliliklerine ba\u011fl\u0131 olarak, ikamet kan\u0131t\u0131 veya kimlik gibi belirli belgeleri y\u00fcklemeniz gerekebilir.<\/p><h4>5. \u00d6deme Yap\u0131n<\/h4><p>Sat\u0131n alma i\u015fleminizi tamamlamak i\u00e7in \u00f6deme b\u00f6l\u00fcm\u00fcne ilerleyin. Kredi\/banka kartlar\u0131 ve \u00e7evrimi\u00e7i \u00f6deme a\u011f ge\u00e7itleri dahil olmak \u00fczere birden fazla g\u00fcvenli \u00f6deme se\u00e7ene\u011fi sunuyoruz. Finansal bilgilerinizin korunmas\u0131n\u0131 sa\u011flamak i\u00e7in t\u00fcm i\u015flemler \u015fifrelenir.<\/p><h4>6. Onay Al\u0131n<\/h4><p>\u00d6demeniz i\u015fleme konulduktan sonra, makbuzunuzu ve rekreasyon pasaportunuzla ilgili ayr\u0131nt\u0131lar\u0131 i\u00e7eren bir e-posta onay\u0131 alacaks\u0131n\u0131z. Bu e-postada pasaportunuza nas\u0131l eri\u015fece\u011finiz ve kullanaca\u011f\u0131n\u0131zla ilgili talimatlar da yer alacakt\u0131r.<\/p><h4>7. Teslimat<\/h4><p>Fiziksel rekreasyon pasaportunuz 5-7 i\u015f g\u00fcn\u00fc i\u00e7inde belirtti\u011finiz adrese postalanacakt\u0131r. Bu s\u00fcre zarf\u0131nda, parklara ve rekreasyon alanlar\u0131na eri\u015fmek i\u00e7in dijital onay\u0131 kullanabilirsiniz.<\/p>\t\t\t\t\t\t<\/div>\n\t\t\t\t<\/div>\n\t\t\t\t<div class=\"elementor-element elementor-element-19c9da7 elementor-widget elementor-widget-heading\" data-id=\"19c9da7\" data-element_type=\"widget\" data-widget_type=\"heading.default\">\n\t\t\t\t<div class=\"elementor-widget-container\">\n\t\t\t<h2 class=\"elementor-heading-title elementor-size-default\">Rekreasyon Pasaportu sat\u0131n alabilir miyim SSS<\/h2>\t\t<\/div>\n\t\t\t\t<\/div>\n\t\t\t\t\t<\/div>\n\t\t\t\t<\/div>\n\t\t<div class=\"elementor-element elementor-element-5a35608 e-flex e-con-boxed e-con e-parent\" data-id=\"5a35608\" data-element_type=\"container\">\n\t\t\t\t\t<div class=\"e-con-inner\">\n\t\t\t\t<div class=\"elementor-element elementor-element-aadec2d elementor-widget elementor-widget-bdt-accordion\" data-id=\"aadec2d\" data-element_type=\"widget\" data-widget_type=\"bdt-accordion.default\">\n\t\t\t\t<div class=\"elementor-widget-container\">\n\t\t\t\t\t<div class=\"bdt-ep-accordion-container\">\n\t\t\t<div id=\"bdt-ep-accordion-aadec2d\" class=\"bdt-ep-accordion bdt-accordion\" data-bdt-accordion=\"{&quot;collapsible&quot;:true,&quot;multiple&quot;:false,&quot;transition&quot;:&quot;ease-in-out&quot;}\" \t\tdata-settings=\"{&quot;id&quot;:&quot;bdt-ep-accordion-aadec2d&quot;,&quot;activeHash&quot;:&quot;no&quot;,&quot;activeScrollspy&quot;:null,&quot;hashTopOffset&quot;:false,&quot;hashScrollspyTime&quot;:false}\">\n\t\t\t\t\t\t\t\t\t<div class=\"bdt-ep-accordion-item\">\n\t\t\t\t\t\t<div\t\t\t\t\t\t\tclass=\"bdt-ep-accordion-title bdt-accordion-title bdt-flex bdt-flex-middle bdt-flex-between\"\t\t\t\t\t\t\tid=\"\t\t\t\t\t\t\tbdt-ep-accordion-what-is-a-recreation-passport\"\n\t\t\t\t\t\t\tdata-accordion-index=\"0\"\n\t\t\t\t\t\t\tdata-title=\"what-is-a-recreation-passport\">\n\n\t\t\t\t\t\t\t\t\t\t\t\t\t\t\t<span class=\"bdt-ep-accordion-icon bdt-flex-align-right\"\n\t\t\t\t\t\t\t\t\taria-hidden=\"true\">\n\n\t\t\t\t\t\t\t\t\t\t\t\t\t\t\t\t\t\t\t<span class=\"bdt-ep-accordion-icon-closed\">\n\t\t\t\t\t\t\t\t\t\t\t<svg aria-hidden=\"true\" class=\"fa-fw e-font-icon-svg e-fas-plus\" viewbox=\"0 0 448 512\" xmlns=\"http:\/\/www.w3.org\/2000\/svg\"><path d=\"M416 208H272V64c0-17.67-14.33-32-32-32h-32c-17.67 0-32 14.33-32 32v144H32c-17.67 0-32 14.33-32 32v32c0 17.67 14.33 32 32 32h144v144c0 17.67 14.33 32 32 32h32c17.67 0 32-14.33 32-32V304h144c17.67 0 32-14.33 32-32v-32c0-17.67-14.33-32-32-32z\"><\/path><\/svg>\t\t\t\t\t\t\t\t\t\t<\/span>\n\t\t\t\t\t\t\t\t\t\n\t\t\t\t\t\t\t\t\t\t\t\t\t\t\t\t\t\t\t<span class=\"bdt-ep-accordion-icon-opened\">\n\t\t\t\t\t\t\t\t\t\t\t<svg aria-hidden=\"true\" class=\"fa-fw e-font-icon-svg e-fas-minus\" viewbox=\"0 0 448 512\" xmlns=\"http:\/\/www.w3.org\/2000\/svg\"><path d=\"M416 208H32c-17.67 0-32 14.33-32 32v32c0 17.67 14.33 32 32 32h384c17.67 0 32-14.33 32-32v-32c0-17.67-14.33-32-32-32z\"><\/path><\/svg>\t\t\t\t\t\t\t\t\t\t<\/span>\n\t\t\t\t\t\t\t\t\t\n\t\t\t\t\t\t\t\t<\/span>\n\t\t\t\t\t\t\t\n\t\t\t\t\t\t\t<span role=\"heading\" class=\"bdt-ep-title-text bdt-flex bdt-flex-middle\">\n\n\t\t\t\t\t\t\t\t\t\t\t\t\t\t\t\tRekreasyon pasaportu nedir?\t\t\t\t\t\t\t<\/span>\n\n\t\t\t\t\t\t<\/div>\n\t\t\t\t\t\t<div class=\"bdt-ep-accordion-content bdt-accordion-content\">\n\t\t\t\t\t\t\t<ul><li><p>Rekreasyon pasaportu size eyalet ve ulusal parklara ve rekreasyon alanlar\u0131na eri\u015fim sa\u011flar.<\/p><\/li><li><p>\u00a0<\/p><\/li><\/ul>\t\t\t\t\t\t<\/div>\n\t\t\t\t\t<\/div>\n\t\t\t\t\t\t\t\t\t<div class=\"bdt-ep-accordion-item\">\n\t\t\t\t\t\t<div\t\t\t\t\t\t\tclass=\"bdt-ep-accordion-title bdt-accordion-title bdt-flex bdt-flex-middle bdt-flex-between\"\t\t\t\t\t\t\tid=\"\t\t\t\t\t\t\tbdt-ep-accordion-can-i-buy-a-recreation-passport-online\"\n\t\t\t\t\t\t\tdata-accordion-index=\"1\"\n\t\t\t\t\t\t\tdata-title=\"can-i-buy-a-recreation-passport-online\">\n\n\t\t\t\t\t\t\t\t\t\t\t\t\t\t\t<span class=\"bdt-ep-accordion-icon bdt-flex-align-right\"\n\t\t\t\t\t\t\t\t\taria-hidden=\"true\">\n\n\t\t\t\t\t\t\t\t\t\t\t\t\t\t\t\t\t\t\t<span class=\"bdt-ep-accordion-icon-closed\">\n\t\t\t\t\t\t\t\t\t\t\t<svg aria-hidden=\"true\" class=\"fa-fw e-font-icon-svg e-fas-plus\" viewbox=\"0 0 448 512\" xmlns=\"http:\/\/www.w3.org\/2000\/svg\"><path d=\"M416 208H272V64c0-17.67-14.33-32-32-32h-32c-17.67 0-32 14.33-32 32v144H32c-17.67 0-32 14.33-32 32v32c0 17.67 14.33 32 32 32h144v144c0 17.67 14.33 32 32 32h32c17.67 0 32-14.33 32-32V304h144c17.67 0 32-14.33 32-32v-32c0-17.67-14.33-32-32-32z\"><\/path><\/svg>\t\t\t\t\t\t\t\t\t\t<\/span>\n\t\t\t\t\t\t\t\t\t\n\t\t\t\t\t\t\t\t\t\t\t\t\t\t\t\t\t\t\t<span class=\"bdt-ep-accordion-icon-opened\">\n\t\t\t\t\t\t\t\t\t\t\t<svg aria-hidden=\"true\" class=\"fa-fw e-font-icon-svg e-fas-minus\" viewbox=\"0 0 448 512\" xmlns=\"http:\/\/www.w3.org\/2000\/svg\"><path d=\"M416 208H32c-17.67 0-32 14.33-32 32v32c0 17.67 14.33 32 32 32h384c17.67 0 32-14.33 32-32v-32c0-17.67-14.33-32-32-32z\"><\/path><\/svg>\t\t\t\t\t\t\t\t\t\t<\/span>\n\t\t\t\t\t\t\t\t\t\n\t\t\t\t\t\t\t\t<\/span>\n\t\t\t\t\t\t\t\n\t\t\t\t\t\t\t<span role=\"heading\" class=\"bdt-ep-title-text bdt-flex bdt-flex-middle\">\n\n\t\t\t\t\t\t\t\t\t\t\t\t\t\t\t\t\u0130nternetten rekreasyon pasaportu sat\u0131n alabilir miyim?\t\t\t\t\t\t\t<\/span>\n\n\t\t\t\t\t\t<\/div>\n\t\t\t\t\t\t<div class=\"bdt-ep-accordion-content bdt-accordion-content\">\n\t\t\t\t\t\t\t<ul><li><p>Evet, g\u00fcvenli platformumuz arac\u0131l\u0131\u011f\u0131yla \u00e7evrimi\u00e7i olarak kolayca bir rekreasyon pasaportu sat\u0131n alabilirsiniz.<\/p><\/li><\/ul>\t\t\t\t\t\t<\/div>\n\t\t\t\t\t<\/div>\n\t\t\t\t\t\t\t\t\t<div class=\"bdt-ep-accordion-item\">\n\t\t\t\t\t\t<div\t\t\t\t\t\t\tclass=\"bdt-ep-accordion-title bdt-accordion-title bdt-flex bdt-flex-middle bdt-flex-between\"\t\t\t\t\t\t\tid=\"\t\t\t\t\t\t\tbdt-ep-accordion-how-long-does-it-take-to-receive-my-recreation-passport\"\n\t\t\t\t\t\t\tdata-accordion-index=\"2\"\n\t\t\t\t\t\t\tdata-title=\"how-long-does-it-take-to-receive-my-recreation-passport\">\n\n\t\t\t\t\t\t\t\t\t\t\t\t\t\t\t<span class=\"bdt-ep-accordion-icon bdt-flex-align-right\"\n\t\t\t\t\t\t\t\t\taria-hidden=\"true\">\n\n\t\t\t\t\t\t\t\t\t\t\t\t\t\t\t\t\t\t\t<span class=\"bdt-ep-accordion-icon-closed\">\n\t\t\t\t\t\t\t\t\t\t\t<svg aria-hidden=\"true\" class=\"fa-fw e-font-icon-svg e-fas-plus\" viewbox=\"0 0 448 512\" xmlns=\"http:\/\/www.w3.org\/2000\/svg\"><path d=\"M416 208H272V64c0-17.67-14.33-32-32-32h-32c-17.67 0-32 14.33-32 32v144H32c-17.67 0-32 14.33-32 32v32c0 17.67 14.33 32 32 32h144v144c0 17.67 14.33 32 32 32h32c17.67 0 32-14.33 32-32V304h144c17.67 0 32-14.33 32-32v-32c0-17.67-14.33-32-32-32z\"><\/path><\/svg>\t\t\t\t\t\t\t\t\t\t<\/span>\n\t\t\t\t\t\t\t\t\t\n\t\t\t\t\t\t\t\t\t\t\t\t\t\t\t\t\t\t\t<span class=\"bdt-ep-accordion-icon-opened\">\n\t\t\t\t\t\t\t\t\t\t\t<svg aria-hidden=\"true\" class=\"fa-fw e-font-icon-svg e-fas-minus\" viewbox=\"0 0 448 512\" xmlns=\"http:\/\/www.w3.org\/2000\/svg\"><path d=\"M416 208H32c-17.67 0-32 14.33-32 32v32c0 17.67 14.33 32 32 32h384c17.67 0 32-14.33 32-32v-32c0-17.67-14.33-32-32-32z\"><\/path><\/svg>\t\t\t\t\t\t\t\t\t\t<\/span>\n\t\t\t\t\t\t\t\t\t\n\t\t\t\t\t\t\t\t<\/span>\n\t\t\t\t\t\t\t\n\t\t\t\t\t\t\t<span role=\"heading\" class=\"bdt-ep-title-text bdt-flex bdt-flex-middle\">\n\n\t\t\t\t\t\t\t\t\t\t\t\t\t\t\t\tRekreasyon pasaportumu almam ne kadar s\u00fcrer?\t\t\t\t\t\t\t<\/span>\n\n\t\t\t\t\t\t<\/div>\n\t\t\t\t\t\t<div class=\"bdt-ep-accordion-content bdt-accordion-content\">\n\t\t\t\t\t\t\t<ul><li><p>Rekreasyon pasaportunuz sat\u0131n al\u0131nd\u0131ktan sonra 5-7 i\u015f g\u00fcn\u00fc i\u00e7erisinde teslim edilecektir.<\/p><\/li><li><p>\u00a0<\/p><\/li><\/ul>\t\t\t\t\t\t<\/div>\n\t\t\t\t\t<\/div>\n\t\t\t\t\t\t\t\t\t<div class=\"bdt-ep-accordion-item\">\n\t\t\t\t\t\t<div\t\t\t\t\t\t\tclass=\"bdt-ep-accordion-title bdt-accordion-title bdt-flex bdt-flex-middle bdt-flex-between\"\t\t\t\t\t\t\tid=\"\t\t\t\t\t\t\tbdt-ep-accordion-is-it-safe-to-buy-a-recreation-passport-online\"\n\t\t\t\t\t\t\tdata-accordion-index=\"3\"\n\t\t\t\t\t\t\tdata-title=\"is-it-safe-to-buy-a-recreation-passport-online\">\n\n\t\t\t\t\t\t\t\t\t\t\t\t\t\t\t<span class=\"bdt-ep-accordion-icon bdt-flex-align-right\"\n\t\t\t\t\t\t\t\t\taria-hidden=\"true\">\n\n\t\t\t\t\t\t\t\t\t\t\t\t\t\t\t\t\t\t\t<span class=\"bdt-ep-accordion-icon-closed\">\n\t\t\t\t\t\t\t\t\t\t\t<svg aria-hidden=\"true\" class=\"fa-fw e-font-icon-svg e-fas-plus\" viewbox=\"0 0 448 512\" xmlns=\"http:\/\/www.w3.org\/2000\/svg\"><path d=\"M416 208H272V64c0-17.67-14.33-32-32-32h-32c-17.67 0-32 14.33-32 32v144H32c-17.67 0-32 14.33-32 32v32c0 17.67 14.33 32 32 32h144v144c0 17.67 14.33 32 32 32h32c17.67 0 32-14.33 32-32V304h144c17.67 0 32-14.33 32-32v-32c0-17.67-14.33-32-32-32z\"><\/path><\/svg>\t\t\t\t\t\t\t\t\t\t<\/span>\n\t\t\t\t\t\t\t\t\t\n\t\t\t\t\t\t\t\t\t\t\t\t\t\t\t\t\t\t\t<span class=\"bdt-ep-accordion-icon-opened\">\n\t\t\t\t\t\t\t\t\t\t\t<svg aria-hidden=\"true\" class=\"fa-fw e-font-icon-svg e-fas-minus\" viewbox=\"0 0 448 512\" xmlns=\"http:\/\/www.w3.org\/2000\/svg\"><path d=\"M416 208H32c-17.67 0-32 14.33-32 32v32c0 17.67 14.33 32 32 32h384c17.67 0 32-14.33 32-32v-32c0-17.67-14.33-32-32-32z\"><\/path><\/svg>\t\t\t\t\t\t\t\t\t\t<\/span>\n\t\t\t\t\t\t\t\t\t\n\t\t\t\t\t\t\t\t<\/span>\n\t\t\t\t\t\t\t\n\t\t\t\t\t\t\t<span role=\"heading\" class=\"bdt-ep-title-text bdt-flex bdt-flex-middle\">\n\n\t\t\t\t\t\t\t\t\t\t\t\t\t\t\t\t\u0130nternetten rekreasyon pasaportu sat\u0131n almak g\u00fcvenli mi?\t\t\t\t\t\t\t<\/span>\n\n\t\t\t\t\t\t<\/div>\n\t\t\t\t\t\t<div class=\"bdt-ep-accordion-content bdt-accordion-content\">\n\t\t\t\t\t\t\t<ul><li><p>Evet, platformumuz bilgilerinizi korumak i\u00e7in geli\u015fmi\u015f g\u00fcvenlik \u00f6nlemleri kullanmaktad\u0131r.<\/p><\/li><li><p>\u00a0<\/p><\/li><\/ul>\t\t\t\t\t\t<\/div>\n\t\t\t\t\t<\/div>\n\t\t\t\t\t\t\t\t\t<div class=\"bdt-ep-accordion-item\">\n\t\t\t\t\t\t<div\t\t\t\t\t\t\tclass=\"bdt-ep-accordion-title bdt-accordion-title bdt-flex bdt-flex-middle bdt-flex-between\"\t\t\t\t\t\t\tid=\"\t\t\t\t\t\t\tbdt-ep-accordion-can-i-use-the-recreation-passport-for-all-national-parks\"\n\t\t\t\t\t\t\tdata-accordion-index=\"4\"\n\t\t\t\t\t\t\tdata-title=\"can-i-use-the-recreation-passport-for-all-national-parks\">\n\n\t\t\t\t\t\t\t\t\t\t\t\t\t\t\t<span class=\"bdt-ep-accordion-icon bdt-flex-align-right\"\n\t\t\t\t\t\t\t\t\taria-hidden=\"true\">\n\n\t\t\t\t\t\t\t\t\t\t\t\t\t\t\t\t\t\t\t<span class=\"bdt-ep-accordion-icon-closed\">\n\t\t\t\t\t\t\t\t\t\t\t<svg aria-hidden=\"true\" class=\"fa-fw e-font-icon-svg e-fas-plus\" viewbox=\"0 0 448 512\" xmlns=\"http:\/\/www.w3.org\/2000\/svg\"><path d=\"M416 208H272V64c0-17.67-14.33-32-32-32h-32c-17.67 0-32 14.33-32 32v144H32c-17.67 0-32 14.33-32 32v32c0 17.67 14.33 32 32 32h144v144c0 17.67 14.33 32 32 32h32c17.67 0 32-14.33 32-32V304h144c17.67 0 32-14.33 32-32v-32c0-17.67-14.33-32-32-32z\"><\/path><\/svg>\t\t\t\t\t\t\t\t\t\t<\/span>\n\t\t\t\t\t\t\t\t\t\n\t\t\t\t\t\t\t\t\t\t\t\t\t\t\t\t\t\t\t<span class=\"bdt-ep-accordion-icon-opened\">\n\t\t\t\t\t\t\t\t\t\t\t<svg aria-hidden=\"true\" class=\"fa-fw e-font-icon-svg e-fas-minus\" viewbox=\"0 0 448 512\" xmlns=\"http:\/\/www.w3.org\/2000\/svg\"><path d=\"M416 208H32c-17.67 0-32 14.33-32 32v32c0 17.67 14.33 32 32 32h384c17.67 0 32-14.33 32-32v-32c0-17.67-14.33-32-32-32z\"><\/path><\/svg>\t\t\t\t\t\t\t\t\t\t<\/span>\n\t\t\t\t\t\t\t\t\t\n\t\t\t\t\t\t\t\t<\/span>\n\t\t\t\t\t\t\t\n\t\t\t\t\t\t\t<span role=\"heading\" class=\"bdt-ep-title-text bdt-flex bdt-flex-middle\">\n\n\t\t\t\t\t\t\t\t\t\t\t\t\t\t\t\tRekreasyon pasaportunu t\u00fcm milli parklar i\u00e7in kullanabilir miyim?\t\t\t\t\t\t\t<\/span>\n\n\t\t\t\t\t\t<\/div>\n\t\t\t\t\t\t<div class=\"bdt-ep-accordion-content bdt-accordion-content\">\n\t\t\t\t\t\t\t<ol><li><p>Rekreasyon pasaportu, kat\u0131l\u0131mc\u0131 eyalet ve ulusal parklar ve rekreasyon alanlar\u0131 i\u00e7in ge\u00e7erlidir.<\/p><\/li><\/ol>\t\t\t\t\t\t<\/div>\n\t\t\t\t\t<\/div>\n\t\t\t\t\t\t\t<\/div>\n\t\t<\/div>\n\t\t\t\t<\/div>\n\t\t\t\t<\/div>\n\t\t\t\t\t<\/div>\n\t\t\t\t<\/div>\n\t\t\t\t<\/div>","protected":false},"excerpt":{"rendered":"<p>Rekreasyon Pasaportu Online Olarak Kolay ve G\u00fcvenli Bir \u015eekilde Nas\u0131l Sat\u0131n Al\u0131n\u0131r Rekreasyon pasaportu, eyalet ve milli parklara, rekreasyon alanlar\u0131na ve di\u011fer do\u011fal cazibe merkezlerine eri\u015fim sa\u011flayan harika a\u00e7\u0131k havay\u0131 ke\u015ffetme biletinizdir. \u00c7evrimi\u00e7i bir rekreasyon pasaportu sat\u0131n almak sadece uygun olmakla kalmaz, ayn\u0131 zamanda a\u00e7\u0131k hava maceralar\u0131n\u0131z\u0131 gecikmeden planlayabilmenizi sa\u011flar. Bu [...]<\/p>","protected":false},"author":1,"featured_media":0,"parent":0,"menu_order":0,"comment_status":"closed","ping_status":"closed","template":"","meta":{"site-sidebar-layout":"no-sidebar","site-content-layout":"page-builder","ast-site-content-layout":"full-width-container","site-content-style":"default","site-sidebar-style":"default","ast-global-header-display":"","ast-banner-title-visibility":"","ast-main-header-display":"","ast-hfb-above-header-display":"","ast-hfb-below-header-display":"","ast-hfb-mobile-header-display":"","site-post-title":"disabled","ast-breadcrumbs-content":"","ast-featured-img":"disabled","footer-sml-layout":"","theme-transparent-header-meta":"","adv-header-id-meta":"","stick-header-meta":"","header-above-stick-meta":"","header-main-stick-meta":"","header-below-stick-meta":"","astra-migrate-meta-layouts":"set","ast-page-background-enabled":"default","ast-page-background-meta":{"desktop":{"background-color":"","background-image":"","background-repeat":"repeat","background-position":"center center","background-size":"auto","background-attachment":"scroll","background-type":"","background-media":"","overlay-type":"","overlay-color":"","overlay-gradient":""},"tablet":{"background-color":"","background-image":"","background-repeat":"repeat","background-position":"center center","background-size":"auto","background-attachment":"scroll","background-type":"","background-media":"","overlay-type":"","overlay-color":"","overlay-gradient":""},"mobile":{"background-color":"","background-image":"","background-repeat":"repeat","background-position":"center center","background-size":"auto","background-attachment":"scroll","background-type":"","background-media":"","overlay-type":"","overlay-color":"","overlay-gradient":""}},"ast-content-background-meta":{"desktop":{"background-color":"var(--ast-global-color-5)","background-image":"","background-repeat":"repeat","background-position":"center center","background-size":"auto","background-attachment":"scroll","background-type":"","background-media":"","overlay-type":"","overlay-color":"","overlay-gradient":""},"tablet":{"background-color":"var(--ast-global-color-5)","background-image":"","background-repeat":"repeat","background-position":"center center","background-size":"auto","background-attachment":"scroll","background-type":"","background-media":"","overlay-type":"","overlay-color":"","overlay-gradient":""},"mobile":{"background-color":"var(--ast-global-color-5)","background-image":"","background-repeat":"repeat","background-position":"center center","background-size":"auto","background-attachment":"scroll","background-type":"","background-media":"","overlay-type":"","overlay-color":"","overlay-gradient":""}},"footnotes":""},"class_list":["post-1450","page","type-page","status-publish","hentry"],"_links":{"self":[{"href":"https:\/\/realdocumen.com\/tr\/wp-json\/wp\/v2\/pages\/1450","targetHints":{"allow":["GET"]}}],"collection":[{"href":"https:\/\/realdocumen.com\/tr\/wp-json\/wp\/v2\/pages"}],"about":[{"href":"https:\/\/realdocumen.com\/tr\/wp-json\/wp\/v2\/types\/page"}],"author":[{"embeddable":true,"href":"https:\/\/realdocumen.com\/tr\/wp-json\/wp\/v2\/users\/1"}],"replies":[{"embeddable":true,"href":"https:\/\/realdocumen.com\/tr\/wp-json\/wp\/v2\/comments?post=1450"}],"version-history":[{"count":19,"href":"https:\/\/realdocumen.com\/tr\/wp-json\/wp\/v2\/pages\/1450\/revisions"}],"predecessor-version":[{"id":1610,"href":"https:\/\/realdocumen.com\/tr\/wp-json\/wp\/v2\/pages\/1450\/revisions\/1610"}],"wp:attachment":[{"href":"https:\/\/realdocumen.com\/tr\/wp-json\/wp\/v2\/media?parent=1450"}],"curies":[{"name":"wp","href":"https:\/\/api.w.org\/{rel}","templated":true}]}}