{"id":1450,"date":"2024-05-31T19:19:38","date_gmt":"2024-05-31T19:19:38","guid":{"rendered":"https:\/\/realdocumen.com\/?page_id=1450"},"modified":"2024-06-21T18:57:27","modified_gmt":"2024-06-21T18:57:27","slug":"recreation-passport-your-gateway-to-adventure","status":"publish","type":"page","link":"https:\/\/realdocumen.com\/fr\/le-passeport-de-loisirs-votre-porte-dentree-vers-laventure\/","title":{"rendered":"Passeport loisirs - Votre porte d'entr\u00e9e vers l'aventure"},"content":{"rendered":"<div data-elementor-type=\"wp-page\" data-elementor-id=\"1450\" class=\"elementor elementor-1450\" data-elementor-post-type=\"page\">\n\t\t\t\t<div class=\"elementor-element elementor-element-0341f97 e-flex e-con-boxed e-con e-parent\" data-id=\"0341f97\" data-element_type=\"container\">\n\t\t\t\t\t<div class=\"e-con-inner\">\n\t\t\t\t<div class=\"elementor-element elementor-element-776dc09 elementor-widget elementor-widget-heading\" data-id=\"776dc09\" data-element_type=\"widget\" data-widget_type=\"heading.default\">\n\t\t\t\t<div class=\"elementor-widget-container\">\n\t\t\t<style>\/*! elementor - v3.22.0 - 17-06-2024 *\/\n.elementor-heading-title{padding:0;margin:0;line-height:1}.elementor-widget-heading .elementor-heading-title[class*=elementor-size-]>a{color:inherit;font-size:inherit;line-height:inherit}.elementor-widget-heading .elementor-heading-title.elementor-size-small{font-size:15px}.elementor-widget-heading .elementor-heading-title.elementor-size-medium{font-size:19px}.elementor-widget-heading .elementor-heading-title.elementor-size-large{font-size:29px}.elementor-widget-heading .elementor-heading-title.elementor-size-xl{font-size:39px}.elementor-widget-heading .elementor-heading-title.elementor-size-xxl{font-size:59px}<\/style><h2 class=\"elementor-heading-title elementor-size-default\">Comment acheter un passeport de loisirs en ligne facilement et en toute s\u00e9curit\u00e9 ?<\/h2>\t\t<\/div>\n\t\t\t\t<\/div>\n\t\t\t\t<div class=\"elementor-element elementor-element-9cd864c elementor-widget elementor-widget-text-editor\" data-id=\"9cd864c\" data-element_type=\"widget\" data-widget_type=\"text-editor.default\">\n\t\t\t\t<div class=\"elementor-widget-container\">\n\t\t\t<style>\/*! elementor - v3.22.0 - 17-06-2024 *\/\n.elementor-widget-text-editor.elementor-drop-cap-view-stacked .elementor-drop-cap{background-color:#69727d;color:#fff}.elementor-widget-text-editor.elementor-drop-cap-view-framed .elementor-drop-cap{color:#69727d;border:3px solid;background-color:transparent}.elementor-widget-text-editor:not(.elementor-drop-cap-view-default) .elementor-drop-cap{margin-top:8px}.elementor-widget-text-editor:not(.elementor-drop-cap-view-default) .elementor-drop-cap-letter{width:1em;height:1em}.elementor-widget-text-editor .elementor-drop-cap{float:left;text-align:center;line-height:1;font-size:50px}.elementor-widget-text-editor .elementor-drop-cap-letter{display:inline-block}<\/style>\t\t\t\t<p>Un passeport de loisirs est votre ticket pour explorer les grands espaces, vous donnant acc\u00e8s aux parcs nationaux et d'\u00c9tat, aux zones de loisirs et \u00e0 d'autres attractions naturelles. L'achat d'un passeport de loisirs en ligne est non seulement pratique, mais il vous permet \u00e9galement de planifier vos aventures en plein air sans d\u00e9lai. Ce guide vous guidera tout au long du processus d'achat d'un passeport de loisirs en ligne, soulignera les avantages et vous expliquera pourquoi vous devriez acheter votre passeport aupr\u00e8s de nous pour une exp\u00e9rience sans faille.<\/p>\t\t\t\t\t\t<\/div>\n\t\t\t\t<\/div>\n\t\t\t\t\t<\/div>\n\t\t\t\t<\/div>\n\t\t<div class=\"elementor-element elementor-element-b7e6950 e-flex e-con-boxed e-con e-parent\" data-id=\"b7e6950\" data-element_type=\"container\">\n\t\t\t\t\t<div class=\"e-con-inner\">\n\t\t<div class=\"elementor-element elementor-element-268ba4e e-con-full e-flex e-con e-child\" data-id=\"268ba4e\" data-element_type=\"container\">\n\t\t\t\t<div class=\"elementor-element elementor-element-2ca54e0 elementor-widget elementor-widget-heading\" data-id=\"2ca54e0\" data-element_type=\"widget\" data-widget_type=\"heading.default\">\n\t\t\t\t<div class=\"elementor-widget-container\">\n\t\t\t<h3 class=\"elementor-heading-title elementor-size-default\">Qu'est-ce qu'un passeport des loisirs ?\n<\/h3>\t\t<\/div>\n\t\t\t\t<\/div>\n\t\t\t\t<div class=\"elementor-element elementor-element-c4deddf elementor-widget elementor-widget-text-editor\" data-id=\"c4deddf\" data-element_type=\"widget\" data-widget_type=\"text-editor.default\">\n\t\t\t\t<div class=\"elementor-widget-container\">\n\t\t\t\t\t\t\t<p>Un passeport de loisirs est un laissez-passer annuel qui vous permet de visiter les parcs nationaux et d'\u00c9tat ainsi que les zones de loisirs. Il offre souvent des avantages suppl\u00e9mentaires tels que des r\u00e9ductions sur les \u00e9quipements du parc et l'acc\u00e8s \u00e0 des \u00e9v\u00e9nements sp\u00e9ciaux. Que vous aimiez faire de la randonn\u00e9e, du camping, de la p\u00eache ou simplement admirer la beaut\u00e9 de la nature, un passeport de loisirs est un \u00e9l\u00e9ment essentiel pour tout amateur de plein air.<\/p>\t\t\t\t\t\t<\/div>\n\t\t\t\t<\/div>\n\t\t\t\t<\/div>\n\t\t<div class=\"elementor-element elementor-element-7d4c5de e-con-full e-flex e-con e-child\" data-id=\"7d4c5de\" data-element_type=\"container\">\n\t\t\t\t<div class=\"elementor-element elementor-element-c774f18 elementor-widget elementor-widget-heading\" data-id=\"c774f18\" data-element_type=\"widget\" data-widget_type=\"heading.default\">\n\t\t\t\t<div class=\"elementor-widget-container\">\n\t\t\t<h3 class=\"elementor-heading-title elementor-size-default\">Pourquoi acheter un passeport des loisirs en ligne ?\n<\/h3>\t\t<\/div>\n\t\t\t\t<\/div>\n\t\t\t\t<div class=\"elementor-element elementor-element-e518e71 elementor-widget elementor-widget-text-editor\" data-id=\"e518e71\" data-element_type=\"widget\" data-widget_type=\"text-editor.default\">\n\t\t\t\t<div class=\"elementor-widget-container\">\n\t\t\t\t\t\t\t<p>L'achat en ligne d'un passeport de loisirs pr\u00e9sente plusieurs avantages :<\/p>\t\t\t\t\t\t<\/div>\n\t\t\t\t<\/div>\n\t\t\t\t<div class=\"elementor-element elementor-element-e111c97 elementor-widget elementor-widget-text-editor\" data-id=\"e111c97\" data-element_type=\"widget\" data-widget_type=\"text-editor.default\">\n\t\t\t\t<div class=\"elementor-widget-container\">\n\t\t\t\t\t\t\t<ul><li><strong>Commodit\u00e9<\/strong>: Achetez depuis le confort de votre domicile.<\/li><li><strong>Gain de temps<\/strong>: \u00c9vitez les longues files d'attente et la paperasserie.<\/li><li><strong>Acc\u00e8s imm\u00e9diat<\/strong>: Obtenez une confirmation instantan\u00e9e et commencez \u00e0 planifier vos voyages imm\u00e9diatement.<\/li><li><strong>Offres exclusives<\/strong>: Acc\u00e8s \u00e0 des r\u00e9ductions et promotions en ligne.<\/li><\/ul>\t\t\t\t\t\t<\/div>\n\t\t\t\t<\/div>\n\t\t\t\t<\/div>\n\t\t\t\t\t<\/div>\n\t\t\t\t<\/div>\n\t\t<div class=\"elementor-element elementor-element-3a6d9cc e-flex e-con-boxed e-con e-parent\" data-id=\"3a6d9cc\" data-element_type=\"container\">\n\t\t\t\t\t<div class=\"e-con-inner\">\n\t\t\t\t<div class=\"elementor-element elementor-element-460f9da elementor-widget elementor-widget-heading\" data-id=\"460f9da\" data-element_type=\"widget\" data-widget_type=\"heading.default\">\n\t\t\t\t<div class=\"elementor-widget-container\">\n\t\t\t<h3 class=\"elementor-heading-title elementor-size-default\">Guide \u00e9tape par \u00e9tape pour l'achat en ligne d'un passeport de loisirs\n<\/h3>\t\t<\/div>\n\t\t\t\t<\/div>\n\t\t\t\t<div class=\"elementor-element elementor-element-c5023dd elementor-widget elementor-widget-text-editor\" data-id=\"c5023dd\" data-element_type=\"widget\" data-widget_type=\"text-editor.default\">\n\t\t\t\t<div class=\"elementor-widget-container\">\n\t\t\t\t\t\t\t<h4>1. Visitez notre site web<\/h4><p>Rendez-vous sur notre site officiel et naviguez jusqu'\u00e0 la section \"Passeport de loisirs\". Vous y trouverez des informations d\u00e9taill\u00e9es sur les types de passeports disponibles et leurs avantages.<\/p><h4>2. Choisir le bon passeport<\/h4><p>Choisissez le passeport de loisirs qui r\u00e9pond le mieux \u00e0 vos besoins. Vous pouvez opter pour un passeport individuel, un passeport familial ou un passeport senior, chacun offrant diff\u00e9rents niveaux d'acc\u00e8s et d'avantages.<\/p><h4>3. Remplir la demande<\/h4><p>Remplissez le formulaire de demande en ligne. Vous devrez g\u00e9n\u00e9ralement fournir des informations de base telles que votre nom, votre adresse et vos coordonn\u00e9es. Veillez \u00e0 ce que toutes les informations soient exactes afin d'\u00e9viter tout retard.<\/p><h4>4. T\u00e9l\u00e9charger les documents n\u00e9cessaires<\/h4><p>Il se peut que vous deviez t\u00e9l\u00e9charger certains documents, tels qu'une preuve de r\u00e9sidence ou une pi\u00e8ce d'identit\u00e9, en fonction des exigences sp\u00e9cifiques du passeport de loisir que vous achetez.<\/p><h4>5. Effectuer le paiement<\/h4><p>Passez \u00e0 la section de paiement pour terminer votre achat. Nous proposons plusieurs options de paiement s\u00e9curis\u00e9, y compris des cartes de cr\u00e9dit\/d\u00e9bit et des passerelles de paiement en ligne. Toutes les transactions sont crypt\u00e9es afin de garantir la protection de vos informations financi\u00e8res.<\/p><h4>6. Recevoir la confirmation<\/h4><p>Une fois votre paiement trait\u00e9, vous recevrez un courriel de confirmation contenant votre re\u00e7u et les d\u00e9tails de votre passeport r\u00e9cr\u00e9atif. Cet e-mail contiendra \u00e9galement des instructions sur la mani\u00e8re d'acc\u00e9der \u00e0 votre passeport et de l'utiliser.<\/p><h4>7. Livraison<\/h4><p>Votre passeport de loisirs physique sera envoy\u00e9 par courrier \u00e0 l'adresse que vous avez indiqu\u00e9e dans un d\u00e9lai de 5 \u00e0 7 jours ouvrables. En attendant, vous pouvez utiliser la confirmation num\u00e9rique pour acc\u00e9der aux parcs et aux zones de loisirs.<\/p>\t\t\t\t\t\t<\/div>\n\t\t\t\t<\/div>\n\t\t\t\t<div class=\"elementor-element elementor-element-19c9da7 elementor-widget elementor-widget-heading\" data-id=\"19c9da7\" data-element_type=\"widget\" data-widget_type=\"heading.default\">\n\t\t\t\t<div class=\"elementor-widget-container\">\n\t\t\t<h2 class=\"elementor-heading-title elementor-size-default\">Puis-je acheter un passeport de loisirs ? FAQs<\/h2>\t\t<\/div>\n\t\t\t\t<\/div>\n\t\t\t\t\t<\/div>\n\t\t\t\t<\/div>\n\t\t<div class=\"elementor-element elementor-element-5a35608 e-flex e-con-boxed e-con e-parent\" data-id=\"5a35608\" data-element_type=\"container\">\n\t\t\t\t\t<div class=\"e-con-inner\">\n\t\t\t\t<div class=\"elementor-element elementor-element-aadec2d elementor-widget elementor-widget-bdt-accordion\" data-id=\"aadec2d\" data-element_type=\"widget\" data-widget_type=\"bdt-accordion.default\">\n\t\t\t\t<div class=\"elementor-widget-container\">\n\t\t\t\t\t<div class=\"bdt-ep-accordion-container\">\n\t\t\t<div id=\"bdt-ep-accordion-aadec2d\" class=\"bdt-ep-accordion bdt-accordion\" data-bdt-accordion=\"{&quot;collapsible&quot;:true,&quot;multiple&quot;:false,&quot;transition&quot;:&quot;ease-in-out&quot;}\" \t\tdata-settings=\"{&quot;id&quot;:&quot;bdt-ep-accordion-aadec2d&quot;,&quot;activeHash&quot;:&quot;no&quot;,&quot;activeScrollspy&quot;:null,&quot;hashTopOffset&quot;:false,&quot;hashScrollspyTime&quot;:false}\">\n\t\t\t\t\t\t\t\t\t<div class=\"bdt-ep-accordion-item\">\n\t\t\t\t\t\t<div\t\t\t\t\t\t\tclass=\"bdt-ep-accordion-title bdt-accordion-title bdt-flex bdt-flex-middle bdt-flex-between\"\t\t\t\t\t\t\tid=\"\t\t\t\t\t\t\tbdt-ep-accordion-what-is-a-recreation-passport\"\n\t\t\t\t\t\t\tdata-accordion-index=\"0\"\n\t\t\t\t\t\t\tdata-title=\"what-is-a-recreation-passport\">\n\n\t\t\t\t\t\t\t\t\t\t\t\t\t\t\t<span class=\"bdt-ep-accordion-icon bdt-flex-align-right\"\n\t\t\t\t\t\t\t\t\taria-hidden=\"true\">\n\n\t\t\t\t\t\t\t\t\t\t\t\t\t\t\t\t\t\t\t<span class=\"bdt-ep-accordion-icon-closed\">\n\t\t\t\t\t\t\t\t\t\t\t<svg aria-hidden=\"true\" class=\"fa-fw e-font-icon-svg e-fas-plus\" viewbox=\"0 0 448 512\" xmlns=\"http:\/\/www.w3.org\/2000\/svg\"><path d=\"M416 208H272V64c0-17.67-14.33-32-32-32h-32c-17.67 0-32 14.33-32 32v144H32c-17.67 0-32 14.33-32 32v32c0 17.67 14.33 32 32 32h144v144c0 17.67 14.33 32 32 32h32c17.67 0 32-14.33 32-32V304h144c17.67 0 32-14.33 32-32v-32c0-17.67-14.33-32-32-32z\"><\/path><\/svg>\t\t\t\t\t\t\t\t\t\t<\/span>\n\t\t\t\t\t\t\t\t\t\n\t\t\t\t\t\t\t\t\t\t\t\t\t\t\t\t\t\t\t<span class=\"bdt-ep-accordion-icon-opened\">\n\t\t\t\t\t\t\t\t\t\t\t<svg aria-hidden=\"true\" class=\"fa-fw e-font-icon-svg e-fas-minus\" viewbox=\"0 0 448 512\" xmlns=\"http:\/\/www.w3.org\/2000\/svg\"><path d=\"M416 208H32c-17.67 0-32 14.33-32 32v32c0 17.67 14.33 32 32 32h384c17.67 0 32-14.33 32-32v-32c0-17.67-14.33-32-32-32z\"><\/path><\/svg>\t\t\t\t\t\t\t\t\t\t<\/span>\n\t\t\t\t\t\t\t\t\t\n\t\t\t\t\t\t\t\t<\/span>\n\t\t\t\t\t\t\t\n\t\t\t\t\t\t\t<span role=\"heading\" class=\"bdt-ep-title-text bdt-flex bdt-flex-middle\">\n\n\t\t\t\t\t\t\t\t\t\t\t\t\t\t\t\tQu'est-ce qu'un passeport de loisirs ?\t\t\t\t\t\t\t<\/span>\n\n\t\t\t\t\t\t<\/div>\n\t\t\t\t\t\t<div class=\"bdt-ep-accordion-content bdt-accordion-content\">\n\t\t\t\t\t\t\t<ul><li><p>Le passeport de loisirs vous permet d'acc\u00e9der aux parcs nationaux et d'\u00c9tat et aux zones de loisirs.<\/p><\/li><li><p>\u00a0<\/p><\/li><\/ul>\t\t\t\t\t\t<\/div>\n\t\t\t\t\t<\/div>\n\t\t\t\t\t\t\t\t\t<div class=\"bdt-ep-accordion-item\">\n\t\t\t\t\t\t<div\t\t\t\t\t\t\tclass=\"bdt-ep-accordion-title bdt-accordion-title bdt-flex bdt-flex-middle bdt-flex-between\"\t\t\t\t\t\t\tid=\"\t\t\t\t\t\t\tbdt-ep-accordion-can-i-buy-a-recreation-passport-online\"\n\t\t\t\t\t\t\tdata-accordion-index=\"1\"\n\t\t\t\t\t\t\tdata-title=\"can-i-buy-a-recreation-passport-online\">\n\n\t\t\t\t\t\t\t\t\t\t\t\t\t\t\t<span class=\"bdt-ep-accordion-icon bdt-flex-align-right\"\n\t\t\t\t\t\t\t\t\taria-hidden=\"true\">\n\n\t\t\t\t\t\t\t\t\t\t\t\t\t\t\t\t\t\t\t<span class=\"bdt-ep-accordion-icon-closed\">\n\t\t\t\t\t\t\t\t\t\t\t<svg aria-hidden=\"true\" class=\"fa-fw e-font-icon-svg e-fas-plus\" viewbox=\"0 0 448 512\" xmlns=\"http:\/\/www.w3.org\/2000\/svg\"><path d=\"M416 208H272V64c0-17.67-14.33-32-32-32h-32c-17.67 0-32 14.33-32 32v144H32c-17.67 0-32 14.33-32 32v32c0 17.67 14.33 32 32 32h144v144c0 17.67 14.33 32 32 32h32c17.67 0 32-14.33 32-32V304h144c17.67 0 32-14.33 32-32v-32c0-17.67-14.33-32-32-32z\"><\/path><\/svg>\t\t\t\t\t\t\t\t\t\t<\/span>\n\t\t\t\t\t\t\t\t\t\n\t\t\t\t\t\t\t\t\t\t\t\t\t\t\t\t\t\t\t<span class=\"bdt-ep-accordion-icon-opened\">\n\t\t\t\t\t\t\t\t\t\t\t<svg aria-hidden=\"true\" class=\"fa-fw e-font-icon-svg e-fas-minus\" viewbox=\"0 0 448 512\" xmlns=\"http:\/\/www.w3.org\/2000\/svg\"><path d=\"M416 208H32c-17.67 0-32 14.33-32 32v32c0 17.67 14.33 32 32 32h384c17.67 0 32-14.33 32-32v-32c0-17.67-14.33-32-32-32z\"><\/path><\/svg>\t\t\t\t\t\t\t\t\t\t<\/span>\n\t\t\t\t\t\t\t\t\t\n\t\t\t\t\t\t\t\t<\/span>\n\t\t\t\t\t\t\t\n\t\t\t\t\t\t\t<span role=\"heading\" class=\"bdt-ep-title-text bdt-flex bdt-flex-middle\">\n\n\t\t\t\t\t\t\t\t\t\t\t\t\t\t\t\tPuis-je acheter un passeport de recr\u00e9ation en ligne ?\t\t\t\t\t\t\t<\/span>\n\n\t\t\t\t\t\t<\/div>\n\t\t\t\t\t\t<div class=\"bdt-ep-accordion-content bdt-accordion-content\">\n\t\t\t\t\t\t\t<ul><li><p>Oui, vous pouvez facilement acheter un passeport de recr\u00e9ation en ligne via notre plateforme s\u00e9curis\u00e9e.<\/p><\/li><\/ul>\t\t\t\t\t\t<\/div>\n\t\t\t\t\t<\/div>\n\t\t\t\t\t\t\t\t\t<div class=\"bdt-ep-accordion-item\">\n\t\t\t\t\t\t<div\t\t\t\t\t\t\tclass=\"bdt-ep-accordion-title bdt-accordion-title bdt-flex bdt-flex-middle bdt-flex-between\"\t\t\t\t\t\t\tid=\"\t\t\t\t\t\t\tbdt-ep-accordion-how-long-does-it-take-to-receive-my-recreation-passport\"\n\t\t\t\t\t\t\tdata-accordion-index=\"2\"\n\t\t\t\t\t\t\tdata-title=\"how-long-does-it-take-to-receive-my-recreation-passport\">\n\n\t\t\t\t\t\t\t\t\t\t\t\t\t\t\t<span class=\"bdt-ep-accordion-icon bdt-flex-align-right\"\n\t\t\t\t\t\t\t\t\taria-hidden=\"true\">\n\n\t\t\t\t\t\t\t\t\t\t\t\t\t\t\t\t\t\t\t<span class=\"bdt-ep-accordion-icon-closed\">\n\t\t\t\t\t\t\t\t\t\t\t<svg aria-hidden=\"true\" class=\"fa-fw e-font-icon-svg e-fas-plus\" viewbox=\"0 0 448 512\" xmlns=\"http:\/\/www.w3.org\/2000\/svg\"><path d=\"M416 208H272V64c0-17.67-14.33-32-32-32h-32c-17.67 0-32 14.33-32 32v144H32c-17.67 0-32 14.33-32 32v32c0 17.67 14.33 32 32 32h144v144c0 17.67 14.33 32 32 32h32c17.67 0 32-14.33 32-32V304h144c17.67 0 32-14.33 32-32v-32c0-17.67-14.33-32-32-32z\"><\/path><\/svg>\t\t\t\t\t\t\t\t\t\t<\/span>\n\t\t\t\t\t\t\t\t\t\n\t\t\t\t\t\t\t\t\t\t\t\t\t\t\t\t\t\t\t<span class=\"bdt-ep-accordion-icon-opened\">\n\t\t\t\t\t\t\t\t\t\t\t<svg aria-hidden=\"true\" class=\"fa-fw e-font-icon-svg e-fas-minus\" viewbox=\"0 0 448 512\" xmlns=\"http:\/\/www.w3.org\/2000\/svg\"><path d=\"M416 208H32c-17.67 0-32 14.33-32 32v32c0 17.67 14.33 32 32 32h384c17.67 0 32-14.33 32-32v-32c0-17.67-14.33-32-32-32z\"><\/path><\/svg>\t\t\t\t\t\t\t\t\t\t<\/span>\n\t\t\t\t\t\t\t\t\t\n\t\t\t\t\t\t\t\t<\/span>\n\t\t\t\t\t\t\t\n\t\t\t\t\t\t\t<span role=\"heading\" class=\"bdt-ep-title-text bdt-flex bdt-flex-middle\">\n\n\t\t\t\t\t\t\t\t\t\t\t\t\t\t\t\tQuel est le d\u00e9lai de r\u00e9ception de mon passeport de loisir ?\t\t\t\t\t\t\t<\/span>\n\n\t\t\t\t\t\t<\/div>\n\t\t\t\t\t\t<div class=\"bdt-ep-accordion-content bdt-accordion-content\">\n\t\t\t\t\t\t\t<ul><li><p>Une fois achet\u00e9, votre passeport de loisirs sera livr\u00e9 dans un d\u00e9lai de 5 \u00e0 7 jours ouvrables.<\/p><\/li><li><p>\u00a0<\/p><\/li><\/ul>\t\t\t\t\t\t<\/div>\n\t\t\t\t\t<\/div>\n\t\t\t\t\t\t\t\t\t<div class=\"bdt-ep-accordion-item\">\n\t\t\t\t\t\t<div\t\t\t\t\t\t\tclass=\"bdt-ep-accordion-title bdt-accordion-title bdt-flex bdt-flex-middle bdt-flex-between\"\t\t\t\t\t\t\tid=\"\t\t\t\t\t\t\tbdt-ep-accordion-is-it-safe-to-buy-a-recreation-passport-online\"\n\t\t\t\t\t\t\tdata-accordion-index=\"3\"\n\t\t\t\t\t\t\tdata-title=\"is-it-safe-to-buy-a-recreation-passport-online\">\n\n\t\t\t\t\t\t\t\t\t\t\t\t\t\t\t<span class=\"bdt-ep-accordion-icon bdt-flex-align-right\"\n\t\t\t\t\t\t\t\t\taria-hidden=\"true\">\n\n\t\t\t\t\t\t\t\t\t\t\t\t\t\t\t\t\t\t\t<span class=\"bdt-ep-accordion-icon-closed\">\n\t\t\t\t\t\t\t\t\t\t\t<svg aria-hidden=\"true\" class=\"fa-fw e-font-icon-svg e-fas-plus\" viewbox=\"0 0 448 512\" xmlns=\"http:\/\/www.w3.org\/2000\/svg\"><path d=\"M416 208H272V64c0-17.67-14.33-32-32-32h-32c-17.67 0-32 14.33-32 32v144H32c-17.67 0-32 14.33-32 32v32c0 17.67 14.33 32 32 32h144v144c0 17.67 14.33 32 32 32h32c17.67 0 32-14.33 32-32V304h144c17.67 0 32-14.33 32-32v-32c0-17.67-14.33-32-32-32z\"><\/path><\/svg>\t\t\t\t\t\t\t\t\t\t<\/span>\n\t\t\t\t\t\t\t\t\t\n\t\t\t\t\t\t\t\t\t\t\t\t\t\t\t\t\t\t\t<span class=\"bdt-ep-accordion-icon-opened\">\n\t\t\t\t\t\t\t\t\t\t\t<svg aria-hidden=\"true\" class=\"fa-fw e-font-icon-svg e-fas-minus\" viewbox=\"0 0 448 512\" xmlns=\"http:\/\/www.w3.org\/2000\/svg\"><path d=\"M416 208H32c-17.67 0-32 14.33-32 32v32c0 17.67 14.33 32 32 32h384c17.67 0 32-14.33 32-32v-32c0-17.67-14.33-32-32-32z\"><\/path><\/svg>\t\t\t\t\t\t\t\t\t\t<\/span>\n\t\t\t\t\t\t\t\t\t\n\t\t\t\t\t\t\t\t<\/span>\n\t\t\t\t\t\t\t\n\t\t\t\t\t\t\t<span role=\"heading\" class=\"bdt-ep-title-text bdt-flex bdt-flex-middle\">\n\n\t\t\t\t\t\t\t\t\t\t\t\t\t\t\t\tL'achat en ligne d'un passeport de loisirs est-il s\u00fbr ?\t\t\t\t\t\t\t<\/span>\n\n\t\t\t\t\t\t<\/div>\n\t\t\t\t\t\t<div class=\"bdt-ep-accordion-content bdt-accordion-content\">\n\t\t\t\t\t\t\t<ul><li><p>Oui, notre plateforme utilise des mesures de s\u00e9curit\u00e9 avanc\u00e9es pour prot\u00e9ger vos informations.<\/p><\/li><li><p>\u00a0<\/p><\/li><\/ul>\t\t\t\t\t\t<\/div>\n\t\t\t\t\t<\/div>\n\t\t\t\t\t\t\t\t\t<div class=\"bdt-ep-accordion-item\">\n\t\t\t\t\t\t<div\t\t\t\t\t\t\tclass=\"bdt-ep-accordion-title bdt-accordion-title bdt-flex bdt-flex-middle bdt-flex-between\"\t\t\t\t\t\t\tid=\"\t\t\t\t\t\t\tbdt-ep-accordion-can-i-use-the-recreation-passport-for-all-national-parks\"\n\t\t\t\t\t\t\tdata-accordion-index=\"4\"\n\t\t\t\t\t\t\tdata-title=\"can-i-use-the-recreation-passport-for-all-national-parks\">\n\n\t\t\t\t\t\t\t\t\t\t\t\t\t\t\t<span class=\"bdt-ep-accordion-icon bdt-flex-align-right\"\n\t\t\t\t\t\t\t\t\taria-hidden=\"true\">\n\n\t\t\t\t\t\t\t\t\t\t\t\t\t\t\t\t\t\t\t<span class=\"bdt-ep-accordion-icon-closed\">\n\t\t\t\t\t\t\t\t\t\t\t<svg aria-hidden=\"true\" class=\"fa-fw e-font-icon-svg e-fas-plus\" viewbox=\"0 0 448 512\" xmlns=\"http:\/\/www.w3.org\/2000\/svg\"><path d=\"M416 208H272V64c0-17.67-14.33-32-32-32h-32c-17.67 0-32 14.33-32 32v144H32c-17.67 0-32 14.33-32 32v32c0 17.67 14.33 32 32 32h144v144c0 17.67 14.33 32 32 32h32c17.67 0 32-14.33 32-32V304h144c17.67 0 32-14.33 32-32v-32c0-17.67-14.33-32-32-32z\"><\/path><\/svg>\t\t\t\t\t\t\t\t\t\t<\/span>\n\t\t\t\t\t\t\t\t\t\n\t\t\t\t\t\t\t\t\t\t\t\t\t\t\t\t\t\t\t<span class=\"bdt-ep-accordion-icon-opened\">\n\t\t\t\t\t\t\t\t\t\t\t<svg aria-hidden=\"true\" class=\"fa-fw e-font-icon-svg e-fas-minus\" viewbox=\"0 0 448 512\" xmlns=\"http:\/\/www.w3.org\/2000\/svg\"><path d=\"M416 208H32c-17.67 0-32 14.33-32 32v32c0 17.67 14.33 32 32 32h384c17.67 0 32-14.33 32-32v-32c0-17.67-14.33-32-32-32z\"><\/path><\/svg>\t\t\t\t\t\t\t\t\t\t<\/span>\n\t\t\t\t\t\t\t\t\t\n\t\t\t\t\t\t\t\t<\/span>\n\t\t\t\t\t\t\t\n\t\t\t\t\t\t\t<span role=\"heading\" class=\"bdt-ep-title-text bdt-flex bdt-flex-middle\">\n\n\t\t\t\t\t\t\t\t\t\t\t\t\t\t\t\tPuis-je utiliser le passeport de loisirs pour tous les parcs nationaux ?\t\t\t\t\t\t\t<\/span>\n\n\t\t\t\t\t\t<\/div>\n\t\t\t\t\t\t<div class=\"bdt-ep-accordion-content bdt-accordion-content\">\n\t\t\t\t\t\t\t<ol><li><p>Le passeport de loisirs est valable pour les parcs et zones de loisirs nationaux et d'\u00c9tat participants.<\/p><\/li><\/ol>\t\t\t\t\t\t<\/div>\n\t\t\t\t\t<\/div>\n\t\t\t\t\t\t\t<\/div>\n\t\t<\/div>\n\t\t\t\t<\/div>\n\t\t\t\t<\/div>\n\t\t\t\t\t<\/div>\n\t\t\t\t<\/div>\n\t\t\t\t<\/div>","protected":false},"excerpt":{"rendered":"<p>Comment acheter un passeport de loisirs en ligne facilement et en toute s\u00e9curit\u00e9 Le passeport de loisirs est votre billet d'entr\u00e9e pour explorer les grands espaces. Il vous donne acc\u00e8s aux parcs nationaux et d'\u00c9tat, aux zones de loisirs et \u00e0 d'autres attractions naturelles. L'achat d'un passeport de loisirs en ligne est non seulement pratique, mais il vous permet \u00e9galement de planifier vos aventures en plein air sans d\u00e9lai. Ce [...]<\/p>","protected":false},"author":1,"featured_media":0,"parent":0,"menu_order":0,"comment_status":"closed","ping_status":"closed","template":"","meta":{"site-sidebar-layout":"no-sidebar","site-content-layout":"page-builder","ast-site-content-layout":"full-width-container","site-content-style":"default","site-sidebar-style":"default","ast-global-header-display":"","ast-banner-title-visibility":"","ast-main-header-display":"","ast-hfb-above-header-display":"","ast-hfb-below-header-display":"","ast-hfb-mobile-header-display":"","site-post-title":"disabled","ast-breadcrumbs-content":"","ast-featured-img":"disabled","footer-sml-layout":"","theme-transparent-header-meta":"","adv-header-id-meta":"","stick-header-meta":"","header-above-stick-meta":"","header-main-stick-meta":"","header-below-stick-meta":"","astra-migrate-meta-layouts":"set","ast-page-background-enabled":"default","ast-page-background-meta":{"desktop":{"background-color":"","background-image":"","background-repeat":"repeat","background-position":"center center","background-size":"auto","background-attachment":"scroll","background-type":"","background-media":"","overlay-type":"","overlay-color":"","overlay-gradient":""},"tablet":{"background-color":"","background-image":"","background-repeat":"repeat","background-position":"center center","background-size":"auto","background-attachment":"scroll","background-type":"","background-media":"","overlay-type":"","overlay-color":"","overlay-gradient":""},"mobile":{"background-color":"","background-image":"","background-repeat":"repeat","background-position":"center center","background-size":"auto","background-attachment":"scroll","background-type":"","background-media":"","overlay-type":"","overlay-color":"","overlay-gradient":""}},"ast-content-background-meta":{"desktop":{"background-color":"var(--ast-global-color-5)","background-image":"","background-repeat":"repeat","background-position":"center center","background-size":"auto","background-attachment":"scroll","background-type":"","background-media":"","overlay-type":"","overlay-color":"","overlay-gradient":""},"tablet":{"background-color":"var(--ast-global-color-5)","background-image":"","background-repeat":"repeat","background-position":"center center","background-size":"auto","background-attachment":"scroll","background-type":"","background-media":"","overlay-type":"","overlay-color":"","overlay-gradient":""},"mobile":{"background-color":"var(--ast-global-color-5)","background-image":"","background-repeat":"repeat","background-position":"center center","background-size":"auto","background-attachment":"scroll","background-type":"","background-media":"","overlay-type":"","overlay-color":"","overlay-gradient":""}},"footnotes":""},"class_list":["post-1450","page","type-page","status-publish","hentry"],"_links":{"self":[{"href":"https:\/\/realdocumen.com\/fr\/wp-json\/wp\/v2\/pages\/1450","targetHints":{"allow":["GET"]}}],"collection":[{"href":"https:\/\/realdocumen.com\/fr\/wp-json\/wp\/v2\/pages"}],"about":[{"href":"https:\/\/realdocumen.com\/fr\/wp-json\/wp\/v2\/types\/page"}],"author":[{"embeddable":true,"href":"https:\/\/realdocumen.com\/fr\/wp-json\/wp\/v2\/users\/1"}],"replies":[{"embeddable":true,"href":"https:\/\/realdocumen.com\/fr\/wp-json\/wp\/v2\/comments?post=1450"}],"version-history":[{"count":19,"href":"https:\/\/realdocumen.com\/fr\/wp-json\/wp\/v2\/pages\/1450\/revisions"}],"predecessor-version":[{"id":1610,"href":"https:\/\/realdocumen.com\/fr\/wp-json\/wp\/v2\/pages\/1450\/revisions\/1610"}],"wp:attachment":[{"href":"https:\/\/realdocumen.com\/fr\/wp-json\/wp\/v2\/media?parent=1450"}],"curies":[{"name":"wp","href":"https:\/\/api.w.org\/{rel}","templated":true}]}}