{"id":1450,"date":"2024-05-31T19:19:38","date_gmt":"2024-05-31T19:19:38","guid":{"rendered":"https:\/\/realdocumen.com\/?page_id=1450"},"modified":"2024-06-21T18:57:27","modified_gmt":"2024-06-21T18:57:27","slug":"recreation-passport-your-gateway-to-adventure","status":"publish","type":"page","link":"https:\/\/realdocumen.com\/de\/recreation-passport-your-gateway-to-adventure\/","title":{"rendered":"Recreation Passport - Ihr Tor zum Abenteuer"},"content":{"rendered":"<div data-elementor-type=\"wp-page\" data-elementor-id=\"1450\" class=\"elementor elementor-1450\" data-elementor-post-type=\"page\">\n\t\t\t\t<div class=\"elementor-element elementor-element-0341f97 e-flex e-con-boxed e-con e-parent\" data-id=\"0341f97\" data-element_type=\"container\">\n\t\t\t\t\t<div class=\"e-con-inner\">\n\t\t\t\t<div class=\"elementor-element elementor-element-776dc09 elementor-widget elementor-widget-heading\" data-id=\"776dc09\" data-element_type=\"widget\" data-widget_type=\"heading.default\">\n\t\t\t\t<div class=\"elementor-widget-container\">\n\t\t\t<style>\/*! elementor - v3.22.0 - 17-06-2024 *\/\n.elementor-heading-title{padding:0;margin:0;line-height:1}.elementor-widget-heading .elementor-heading-title[class*=elementor-size-]>a{color:inherit;font-size:inherit;line-height:inherit}.elementor-widget-heading .elementor-heading-title.elementor-size-small{font-size:15px}.elementor-widget-heading .elementor-heading-title.elementor-size-medium{font-size:19px}.elementor-widget-heading .elementor-heading-title.elementor-size-large{font-size:29px}.elementor-widget-heading .elementor-heading-title.elementor-size-xl{font-size:39px}.elementor-widget-heading .elementor-heading-title.elementor-size-xxl{font-size:59px}<\/style><h2 class=\"elementor-heading-title elementor-size-default\">Wie man einen Freizeitpass einfach und sicher online kauft<\/h2>\t\t<\/div>\n\t\t\t\t<\/div>\n\t\t\t\t<div class=\"elementor-element elementor-element-9cd864c elementor-widget elementor-widget-text-editor\" data-id=\"9cd864c\" data-element_type=\"widget\" data-widget_type=\"text-editor.default\">\n\t\t\t\t<div class=\"elementor-widget-container\">\n\t\t\t<style>\/*! elementor - v3.22.0 - 17-06-2024 *\/\n.elementor-widget-text-editor.elementor-drop-cap-view-stacked .elementor-drop-cap{background-color:#69727d;color:#fff}.elementor-widget-text-editor.elementor-drop-cap-view-framed .elementor-drop-cap{color:#69727d;border:3px solid;background-color:transparent}.elementor-widget-text-editor:not(.elementor-drop-cap-view-default) .elementor-drop-cap{margin-top:8px}.elementor-widget-text-editor:not(.elementor-drop-cap-view-default) .elementor-drop-cap-letter{width:1em;height:1em}.elementor-widget-text-editor .elementor-drop-cap{float:left;text-align:center;line-height:1;font-size:50px}.elementor-widget-text-editor .elementor-drop-cap-letter{display:inline-block}<\/style>\t\t\t\t<p>Ein Freizeitpass ist Ihre Eintrittskarte in die freie Natur und gew\u00e4hrt Ihnen Zugang zu staatlichen und nationalen Parks, Erholungsgebieten und anderen Naturattraktionen. Der Online-Kauf eines Freizeitpasses ist nicht nur bequem, sondern gew\u00e4hrleistet auch, dass Sie Ihre Outdoor-Abenteuer ohne Verz\u00f6gerung planen k\u00f6nnen. Dieser Leitfaden f\u00fchrt Sie durch den Prozess des Online-Kaufs eines Freizeitpasses, hebt die Vorteile hervor und erkl\u00e4rt, warum Sie ihn bei uns kaufen sollten, um einen reibungslosen Ablauf zu gew\u00e4hrleisten.<\/p>\t\t\t\t\t\t<\/div>\n\t\t\t\t<\/div>\n\t\t\t\t\t<\/div>\n\t\t\t\t<\/div>\n\t\t<div class=\"elementor-element elementor-element-b7e6950 e-flex e-con-boxed e-con e-parent\" data-id=\"b7e6950\" data-element_type=\"container\">\n\t\t\t\t\t<div class=\"e-con-inner\">\n\t\t<div class=\"elementor-element elementor-element-268ba4e e-con-full e-flex e-con e-child\" data-id=\"268ba4e\" data-element_type=\"container\">\n\t\t\t\t<div class=\"elementor-element elementor-element-2ca54e0 elementor-widget elementor-widget-heading\" data-id=\"2ca54e0\" data-element_type=\"widget\" data-widget_type=\"heading.default\">\n\t\t\t\t<div class=\"elementor-widget-container\">\n\t\t\t<h3 class=\"elementor-heading-title elementor-size-default\">Was ist ein Erholungspass?\n<\/h3>\t\t<\/div>\n\t\t\t\t<\/div>\n\t\t\t\t<div class=\"elementor-element elementor-element-c4deddf elementor-widget elementor-widget-text-editor\" data-id=\"c4deddf\" data-element_type=\"widget\" data-widget_type=\"text-editor.default\">\n\t\t\t\t<div class=\"elementor-widget-container\">\n\t\t\t\t\t\t\t<p>Ein Freizeitpass ist eine Jahreskarte, mit der Sie staatliche und nationale Parks und Erholungsgebiete besuchen k\u00f6nnen. Er bietet oft zus\u00e4tzliche Vorteile wie Erm\u00e4\u00dfigungen f\u00fcr Parkeinrichtungen und Eintritt zu besonderen Veranstaltungen. Ganz gleich, ob Sie gerne wandern, campen, angeln oder einfach nur die Sch\u00f6nheit der Natur genie\u00dfen, ein Freizeitpass ist ein unverzichtbares Utensil f\u00fcr jeden Outdoor-Fan.<\/p>\t\t\t\t\t\t<\/div>\n\t\t\t\t<\/div>\n\t\t\t\t<\/div>\n\t\t<div class=\"elementor-element elementor-element-7d4c5de e-con-full e-flex e-con e-child\" data-id=\"7d4c5de\" data-element_type=\"container\">\n\t\t\t\t<div class=\"elementor-element elementor-element-c774f18 elementor-widget elementor-widget-heading\" data-id=\"c774f18\" data-element_type=\"widget\" data-widget_type=\"heading.default\">\n\t\t\t\t<div class=\"elementor-widget-container\">\n\t\t\t<h3 class=\"elementor-heading-title elementor-size-default\">Warum einen Freizeitpass online kaufen?\n<\/h3>\t\t<\/div>\n\t\t\t\t<\/div>\n\t\t\t\t<div class=\"elementor-element elementor-element-e518e71 elementor-widget elementor-widget-text-editor\" data-id=\"e518e71\" data-element_type=\"widget\" data-widget_type=\"text-editor.default\">\n\t\t\t\t<div class=\"elementor-widget-container\">\n\t\t\t\t\t\t\t<p>Der Online-Erwerb eines Freizeitpasses bietet mehrere Vorteile:<\/p>\t\t\t\t\t\t<\/div>\n\t\t\t\t<\/div>\n\t\t\t\t<div class=\"elementor-element elementor-element-e111c97 elementor-widget elementor-widget-text-editor\" data-id=\"e111c97\" data-element_type=\"widget\" data-widget_type=\"text-editor.default\">\n\t\t\t\t<div class=\"elementor-widget-container\">\n\t\t\t\t\t\t\t<ul><li><strong>Bequemlichkeit<\/strong>: Kaufen Sie bequem von zu Hause aus.<\/li><li><strong>Zeitsparend<\/strong>: Vermeiden Sie lange Schlangen und Papierkram.<\/li><li><strong>Sofortiger Zugang<\/strong>: Sie erhalten eine sofortige Best\u00e4tigung und k\u00f6nnen sofort mit der Planung Ihrer Reisen beginnen.<\/li><li><strong>Exklusive Angebote<\/strong>: Zugang zu exklusiven Online-Rabatten und Sonderangeboten.<\/li><\/ul>\t\t\t\t\t\t<\/div>\n\t\t\t\t<\/div>\n\t\t\t\t<\/div>\n\t\t\t\t\t<\/div>\n\t\t\t\t<\/div>\n\t\t<div class=\"elementor-element elementor-element-3a6d9cc e-flex e-con-boxed e-con e-parent\" data-id=\"3a6d9cc\" data-element_type=\"container\">\n\t\t\t\t\t<div class=\"e-con-inner\">\n\t\t\t\t<div class=\"elementor-element elementor-element-460f9da elementor-widget elementor-widget-heading\" data-id=\"460f9da\" data-element_type=\"widget\" data-widget_type=\"heading.default\">\n\t\t\t\t<div class=\"elementor-widget-container\">\n\t\t\t<h3 class=\"elementor-heading-title elementor-size-default\">Schritt-f\u00fcr-Schritt-Anleitung zum Online-Kauf eines Reisepasses f\u00fcr Freizeitaktivit\u00e4ten\n<\/h3>\t\t<\/div>\n\t\t\t\t<\/div>\n\t\t\t\t<div class=\"elementor-element elementor-element-c5023dd elementor-widget elementor-widget-text-editor\" data-id=\"c5023dd\" data-element_type=\"widget\" data-widget_type=\"text-editor.default\">\n\t\t\t\t<div class=\"elementor-widget-container\">\n\t\t\t\t\t\t\t<h4>1. Besuchen Sie unsere Website<\/h4><p>Rufen Sie unsere offizielle Website auf und gehen Sie zum Abschnitt \"Freizeitpass\". Hier finden Sie ausf\u00fchrliche Informationen \u00fcber die verschiedenen Arten von P\u00e4ssen und ihre Vorteile.<\/p><h4>2. W\u00e4hlen Sie den richtigen Reisepass<\/h4><p>W\u00e4hlen Sie den Freizeitpass, der Ihren Bed\u00fcrfnissen am besten entspricht. Zu den Optionen geh\u00f6ren Einzel-, Familien- und Seniorenp\u00e4sse, die jeweils unterschiedliche Zugangsm\u00f6glichkeiten und Vorteile bieten.<\/p><h4>3. F\u00fcllen Sie den Antrag aus<\/h4><p>F\u00fcllen Sie das Online-Bewerbungsformular aus. Dabei werden in der Regel grundlegende Informationen wie Name, Adresse und Kontaktangaben abgefragt. Achten Sie darauf, dass alle Angaben korrekt sind, um Verz\u00f6gerungen zu vermeiden.<\/p><h4>4. Erforderliche Dokumente hochladen<\/h4><p>Je nach den spezifischen Anforderungen des Freizeitpasses, den Sie kaufen, m\u00fcssen Sie m\u00f6glicherweise bestimmte Dokumente hochladen, z. B. einen Wohnsitznachweis oder einen Ausweis.<\/p><h4>5. Zahlung leisten<\/h4><p>Fahren Sie mit dem Abschnitt \"Bezahlung\" fort, um Ihren Einkauf abzuschlie\u00dfen. Wir bieten mehrere sichere Zahlungsoptionen, einschlie\u00dflich Kredit-\/Debitkarten und Online-Zahlungsgateways. Alle Transaktionen werden verschl\u00fcsselt, um den Schutz Ihrer finanziellen Informationen zu gew\u00e4hrleisten.<\/p><h4>6. Best\u00e4tigung erhalten<\/h4><p>Sobald Ihre Zahlung bearbeitet wurde, erhalten Sie eine E-Mail-Best\u00e4tigung mit Ihrer Quittung und Angaben zu Ihrem Freizeitpass. Diese E-Mail enth\u00e4lt auch Anweisungen, wie Sie auf Ihren Pass zugreifen und ihn verwenden k\u00f6nnen.<\/p><h4>7. Lieferung<\/h4><p>Ihr physischer Freizeitpass wird innerhalb von 5-7 Werktagen an die von Ihnen angegebene Adresse gesandt. In der Zwischenzeit k\u00f6nnen Sie die digitale Best\u00e4tigung f\u00fcr den Zugang zu Parks und Freizeitgebieten verwenden.<\/p>\t\t\t\t\t\t<\/div>\n\t\t\t\t<\/div>\n\t\t\t\t<div class=\"elementor-element elementor-element-19c9da7 elementor-widget elementor-widget-heading\" data-id=\"19c9da7\" data-element_type=\"widget\" data-widget_type=\"heading.default\">\n\t\t\t\t<div class=\"elementor-widget-container\">\n\t\t\t<h2 class=\"elementor-heading-title elementor-size-default\">Kann ich einen Erholungspass kaufen?<\/h2>\t\t<\/div>\n\t\t\t\t<\/div>\n\t\t\t\t\t<\/div>\n\t\t\t\t<\/div>\n\t\t<div class=\"elementor-element elementor-element-5a35608 e-flex e-con-boxed e-con e-parent\" data-id=\"5a35608\" data-element_type=\"container\">\n\t\t\t\t\t<div class=\"e-con-inner\">\n\t\t\t\t<div class=\"elementor-element elementor-element-aadec2d elementor-widget elementor-widget-bdt-accordion\" data-id=\"aadec2d\" data-element_type=\"widget\" data-widget_type=\"bdt-accordion.default\">\n\t\t\t\t<div class=\"elementor-widget-container\">\n\t\t\t\t\t<div class=\"bdt-ep-accordion-container\">\n\t\t\t<div id=\"bdt-ep-accordion-aadec2d\" class=\"bdt-ep-accordion bdt-accordion\" data-bdt-accordion=\"{&quot;collapsible&quot;:true,&quot;multiple&quot;:false,&quot;transition&quot;:&quot;ease-in-out&quot;}\" \t\tdata-settings=\"{&quot;id&quot;:&quot;bdt-ep-accordion-aadec2d&quot;,&quot;activeHash&quot;:&quot;no&quot;,&quot;activeScrollspy&quot;:null,&quot;hashTopOffset&quot;:false,&quot;hashScrollspyTime&quot;:false}\">\n\t\t\t\t\t\t\t\t\t<div class=\"bdt-ep-accordion-item\">\n\t\t\t\t\t\t<div\t\t\t\t\t\t\tclass=\"bdt-ep-accordion-title bdt-accordion-title bdt-flex bdt-flex-middle bdt-flex-between\"\t\t\t\t\t\t\tid=\"\t\t\t\t\t\t\tbdt-ep-accordion-what-is-a-recreation-passport\"\n\t\t\t\t\t\t\tdata-accordion-index=\"0\"\n\t\t\t\t\t\t\tdata-title=\"what-is-a-recreation-passport\">\n\n\t\t\t\t\t\t\t\t\t\t\t\t\t\t\t<span class=\"bdt-ep-accordion-icon bdt-flex-align-right\"\n\t\t\t\t\t\t\t\t\taria-hidden=\"true\">\n\n\t\t\t\t\t\t\t\t\t\t\t\t\t\t\t\t\t\t\t<span class=\"bdt-ep-accordion-icon-closed\">\n\t\t\t\t\t\t\t\t\t\t\t<svg aria-hidden=\"true\" class=\"fa-fw e-font-icon-svg e-fas-plus\" viewbox=\"0 0 448 512\" xmlns=\"http:\/\/www.w3.org\/2000\/svg\"><path d=\"M416 208H272V64c0-17.67-14.33-32-32-32h-32c-17.67 0-32 14.33-32 32v144H32c-17.67 0-32 14.33-32 32v32c0 17.67 14.33 32 32 32h144v144c0 17.67 14.33 32 32 32h32c17.67 0 32-14.33 32-32V304h144c17.67 0 32-14.33 32-32v-32c0-17.67-14.33-32-32-32z\"><\/path><\/svg>\t\t\t\t\t\t\t\t\t\t<\/span>\n\t\t\t\t\t\t\t\t\t\n\t\t\t\t\t\t\t\t\t\t\t\t\t\t\t\t\t\t\t<span class=\"bdt-ep-accordion-icon-opened\">\n\t\t\t\t\t\t\t\t\t\t\t<svg aria-hidden=\"true\" class=\"fa-fw e-font-icon-svg e-fas-minus\" viewbox=\"0 0 448 512\" xmlns=\"http:\/\/www.w3.org\/2000\/svg\"><path d=\"M416 208H32c-17.67 0-32 14.33-32 32v32c0 17.67 14.33 32 32 32h384c17.67 0 32-14.33 32-32v-32c0-17.67-14.33-32-32-32z\"><\/path><\/svg>\t\t\t\t\t\t\t\t\t\t<\/span>\n\t\t\t\t\t\t\t\t\t\n\t\t\t\t\t\t\t\t<\/span>\n\t\t\t\t\t\t\t\n\t\t\t\t\t\t\t<span role=\"heading\" class=\"bdt-ep-title-text bdt-flex bdt-flex-middle\">\n\n\t\t\t\t\t\t\t\t\t\t\t\t\t\t\t\tWas ist ein Erholungspass?\t\t\t\t\t\t\t<\/span>\n\n\t\t\t\t\t\t<\/div>\n\t\t\t\t\t\t<div class=\"bdt-ep-accordion-content bdt-accordion-content\">\n\t\t\t\t\t\t\t<ul><li><p>Mit einem Freizeitpass erhalten Sie Zugang zu staatlichen und nationalen Parks und Erholungsgebieten.<\/p><\/li><li><p>\u00a0<\/p><\/li><\/ul>\t\t\t\t\t\t<\/div>\n\t\t\t\t\t<\/div>\n\t\t\t\t\t\t\t\t\t<div class=\"bdt-ep-accordion-item\">\n\t\t\t\t\t\t<div\t\t\t\t\t\t\tclass=\"bdt-ep-accordion-title bdt-accordion-title bdt-flex bdt-flex-middle bdt-flex-between\"\t\t\t\t\t\t\tid=\"\t\t\t\t\t\t\tbdt-ep-accordion-can-i-buy-a-recreation-passport-online\"\n\t\t\t\t\t\t\tdata-accordion-index=\"1\"\n\t\t\t\t\t\t\tdata-title=\"can-i-buy-a-recreation-passport-online\">\n\n\t\t\t\t\t\t\t\t\t\t\t\t\t\t\t<span class=\"bdt-ep-accordion-icon bdt-flex-align-right\"\n\t\t\t\t\t\t\t\t\taria-hidden=\"true\">\n\n\t\t\t\t\t\t\t\t\t\t\t\t\t\t\t\t\t\t\t<span class=\"bdt-ep-accordion-icon-closed\">\n\t\t\t\t\t\t\t\t\t\t\t<svg aria-hidden=\"true\" class=\"fa-fw e-font-icon-svg e-fas-plus\" viewbox=\"0 0 448 512\" xmlns=\"http:\/\/www.w3.org\/2000\/svg\"><path d=\"M416 208H272V64c0-17.67-14.33-32-32-32h-32c-17.67 0-32 14.33-32 32v144H32c-17.67 0-32 14.33-32 32v32c0 17.67 14.33 32 32 32h144v144c0 17.67 14.33 32 32 32h32c17.67 0 32-14.33 32-32V304h144c17.67 0 32-14.33 32-32v-32c0-17.67-14.33-32-32-32z\"><\/path><\/svg>\t\t\t\t\t\t\t\t\t\t<\/span>\n\t\t\t\t\t\t\t\t\t\n\t\t\t\t\t\t\t\t\t\t\t\t\t\t\t\t\t\t\t<span class=\"bdt-ep-accordion-icon-opened\">\n\t\t\t\t\t\t\t\t\t\t\t<svg aria-hidden=\"true\" class=\"fa-fw e-font-icon-svg e-fas-minus\" viewbox=\"0 0 448 512\" xmlns=\"http:\/\/www.w3.org\/2000\/svg\"><path d=\"M416 208H32c-17.67 0-32 14.33-32 32v32c0 17.67 14.33 32 32 32h384c17.67 0 32-14.33 32-32v-32c0-17.67-14.33-32-32-32z\"><\/path><\/svg>\t\t\t\t\t\t\t\t\t\t<\/span>\n\t\t\t\t\t\t\t\t\t\n\t\t\t\t\t\t\t\t<\/span>\n\t\t\t\t\t\t\t\n\t\t\t\t\t\t\t<span role=\"heading\" class=\"bdt-ep-title-text bdt-flex bdt-flex-middle\">\n\n\t\t\t\t\t\t\t\t\t\t\t\t\t\t\t\tKann ich einen Erholungspass online kaufen?\t\t\t\t\t\t\t<\/span>\n\n\t\t\t\t\t\t<\/div>\n\t\t\t\t\t\t<div class=\"bdt-ep-accordion-content bdt-accordion-content\">\n\t\t\t\t\t\t\t<ul><li><p>Ja, Sie k\u00f6nnen einen Freizeitpass ganz einfach online \u00fcber unsere sichere Plattform kaufen.<\/p><\/li><\/ul>\t\t\t\t\t\t<\/div>\n\t\t\t\t\t<\/div>\n\t\t\t\t\t\t\t\t\t<div class=\"bdt-ep-accordion-item\">\n\t\t\t\t\t\t<div\t\t\t\t\t\t\tclass=\"bdt-ep-accordion-title bdt-accordion-title bdt-flex bdt-flex-middle bdt-flex-between\"\t\t\t\t\t\t\tid=\"\t\t\t\t\t\t\tbdt-ep-accordion-how-long-does-it-take-to-receive-my-recreation-passport\"\n\t\t\t\t\t\t\tdata-accordion-index=\"2\"\n\t\t\t\t\t\t\tdata-title=\"how-long-does-it-take-to-receive-my-recreation-passport\">\n\n\t\t\t\t\t\t\t\t\t\t\t\t\t\t\t<span class=\"bdt-ep-accordion-icon bdt-flex-align-right\"\n\t\t\t\t\t\t\t\t\taria-hidden=\"true\">\n\n\t\t\t\t\t\t\t\t\t\t\t\t\t\t\t\t\t\t\t<span class=\"bdt-ep-accordion-icon-closed\">\n\t\t\t\t\t\t\t\t\t\t\t<svg aria-hidden=\"true\" class=\"fa-fw e-font-icon-svg e-fas-plus\" viewbox=\"0 0 448 512\" xmlns=\"http:\/\/www.w3.org\/2000\/svg\"><path d=\"M416 208H272V64c0-17.67-14.33-32-32-32h-32c-17.67 0-32 14.33-32 32v144H32c-17.67 0-32 14.33-32 32v32c0 17.67 14.33 32 32 32h144v144c0 17.67 14.33 32 32 32h32c17.67 0 32-14.33 32-32V304h144c17.67 0 32-14.33 32-32v-32c0-17.67-14.33-32-32-32z\"><\/path><\/svg>\t\t\t\t\t\t\t\t\t\t<\/span>\n\t\t\t\t\t\t\t\t\t\n\t\t\t\t\t\t\t\t\t\t\t\t\t\t\t\t\t\t\t<span class=\"bdt-ep-accordion-icon-opened\">\n\t\t\t\t\t\t\t\t\t\t\t<svg aria-hidden=\"true\" class=\"fa-fw e-font-icon-svg e-fas-minus\" viewbox=\"0 0 448 512\" xmlns=\"http:\/\/www.w3.org\/2000\/svg\"><path d=\"M416 208H32c-17.67 0-32 14.33-32 32v32c0 17.67 14.33 32 32 32h384c17.67 0 32-14.33 32-32v-32c0-17.67-14.33-32-32-32z\"><\/path><\/svg>\t\t\t\t\t\t\t\t\t\t<\/span>\n\t\t\t\t\t\t\t\t\t\n\t\t\t\t\t\t\t\t<\/span>\n\t\t\t\t\t\t\t\n\t\t\t\t\t\t\t<span role=\"heading\" class=\"bdt-ep-title-text bdt-flex bdt-flex-middle\">\n\n\t\t\t\t\t\t\t\t\t\t\t\t\t\t\t\tWie lange dauert es, bis ich meinen Erholungspass erhalte?\t\t\t\t\t\t\t<\/span>\n\n\t\t\t\t\t\t<\/div>\n\t\t\t\t\t\t<div class=\"bdt-ep-accordion-content bdt-accordion-content\">\n\t\t\t\t\t\t\t<ul><li><p>Nach dem Kauf wird Ihr Freizeitpass innerhalb von 5-7 Werktagen zugestellt.<\/p><\/li><li><p>\u00a0<\/p><\/li><\/ul>\t\t\t\t\t\t<\/div>\n\t\t\t\t\t<\/div>\n\t\t\t\t\t\t\t\t\t<div class=\"bdt-ep-accordion-item\">\n\t\t\t\t\t\t<div\t\t\t\t\t\t\tclass=\"bdt-ep-accordion-title bdt-accordion-title bdt-flex bdt-flex-middle bdt-flex-between\"\t\t\t\t\t\t\tid=\"\t\t\t\t\t\t\tbdt-ep-accordion-is-it-safe-to-buy-a-recreation-passport-online\"\n\t\t\t\t\t\t\tdata-accordion-index=\"3\"\n\t\t\t\t\t\t\tdata-title=\"is-it-safe-to-buy-a-recreation-passport-online\">\n\n\t\t\t\t\t\t\t\t\t\t\t\t\t\t\t<span class=\"bdt-ep-accordion-icon bdt-flex-align-right\"\n\t\t\t\t\t\t\t\t\taria-hidden=\"true\">\n\n\t\t\t\t\t\t\t\t\t\t\t\t\t\t\t\t\t\t\t<span class=\"bdt-ep-accordion-icon-closed\">\n\t\t\t\t\t\t\t\t\t\t\t<svg aria-hidden=\"true\" class=\"fa-fw e-font-icon-svg e-fas-plus\" viewbox=\"0 0 448 512\" xmlns=\"http:\/\/www.w3.org\/2000\/svg\"><path d=\"M416 208H272V64c0-17.67-14.33-32-32-32h-32c-17.67 0-32 14.33-32 32v144H32c-17.67 0-32 14.33-32 32v32c0 17.67 14.33 32 32 32h144v144c0 17.67 14.33 32 32 32h32c17.67 0 32-14.33 32-32V304h144c17.67 0 32-14.33 32-32v-32c0-17.67-14.33-32-32-32z\"><\/path><\/svg>\t\t\t\t\t\t\t\t\t\t<\/span>\n\t\t\t\t\t\t\t\t\t\n\t\t\t\t\t\t\t\t\t\t\t\t\t\t\t\t\t\t\t<span class=\"bdt-ep-accordion-icon-opened\">\n\t\t\t\t\t\t\t\t\t\t\t<svg aria-hidden=\"true\" class=\"fa-fw e-font-icon-svg e-fas-minus\" viewbox=\"0 0 448 512\" xmlns=\"http:\/\/www.w3.org\/2000\/svg\"><path d=\"M416 208H32c-17.67 0-32 14.33-32 32v32c0 17.67 14.33 32 32 32h384c17.67 0 32-14.33 32-32v-32c0-17.67-14.33-32-32-32z\"><\/path><\/svg>\t\t\t\t\t\t\t\t\t\t<\/span>\n\t\t\t\t\t\t\t\t\t\n\t\t\t\t\t\t\t\t<\/span>\n\t\t\t\t\t\t\t\n\t\t\t\t\t\t\t<span role=\"heading\" class=\"bdt-ep-title-text bdt-flex bdt-flex-middle\">\n\n\t\t\t\t\t\t\t\t\t\t\t\t\t\t\t\tIst es sicher, einen Erholungsreisepass online zu kaufen?\t\t\t\t\t\t\t<\/span>\n\n\t\t\t\t\t\t<\/div>\n\t\t\t\t\t\t<div class=\"bdt-ep-accordion-content bdt-accordion-content\">\n\t\t\t\t\t\t\t<ul><li><p>Ja, unsere Plattform verwendet fortschrittliche Sicherheitsma\u00dfnahmen zum Schutz Ihrer Daten.<\/p><\/li><li><p>\u00a0<\/p><\/li><\/ul>\t\t\t\t\t\t<\/div>\n\t\t\t\t\t<\/div>\n\t\t\t\t\t\t\t\t\t<div class=\"bdt-ep-accordion-item\">\n\t\t\t\t\t\t<div\t\t\t\t\t\t\tclass=\"bdt-ep-accordion-title bdt-accordion-title bdt-flex bdt-flex-middle bdt-flex-between\"\t\t\t\t\t\t\tid=\"\t\t\t\t\t\t\tbdt-ep-accordion-can-i-use-the-recreation-passport-for-all-national-parks\"\n\t\t\t\t\t\t\tdata-accordion-index=\"4\"\n\t\t\t\t\t\t\tdata-title=\"can-i-use-the-recreation-passport-for-all-national-parks\">\n\n\t\t\t\t\t\t\t\t\t\t\t\t\t\t\t<span class=\"bdt-ep-accordion-icon bdt-flex-align-right\"\n\t\t\t\t\t\t\t\t\taria-hidden=\"true\">\n\n\t\t\t\t\t\t\t\t\t\t\t\t\t\t\t\t\t\t\t<span class=\"bdt-ep-accordion-icon-closed\">\n\t\t\t\t\t\t\t\t\t\t\t<svg aria-hidden=\"true\" class=\"fa-fw e-font-icon-svg e-fas-plus\" viewbox=\"0 0 448 512\" xmlns=\"http:\/\/www.w3.org\/2000\/svg\"><path d=\"M416 208H272V64c0-17.67-14.33-32-32-32h-32c-17.67 0-32 14.33-32 32v144H32c-17.67 0-32 14.33-32 32v32c0 17.67 14.33 32 32 32h144v144c0 17.67 14.33 32 32 32h32c17.67 0 32-14.33 32-32V304h144c17.67 0 32-14.33 32-32v-32c0-17.67-14.33-32-32-32z\"><\/path><\/svg>\t\t\t\t\t\t\t\t\t\t<\/span>\n\t\t\t\t\t\t\t\t\t\n\t\t\t\t\t\t\t\t\t\t\t\t\t\t\t\t\t\t\t<span class=\"bdt-ep-accordion-icon-opened\">\n\t\t\t\t\t\t\t\t\t\t\t<svg aria-hidden=\"true\" class=\"fa-fw e-font-icon-svg e-fas-minus\" viewbox=\"0 0 448 512\" xmlns=\"http:\/\/www.w3.org\/2000\/svg\"><path d=\"M416 208H32c-17.67 0-32 14.33-32 32v32c0 17.67 14.33 32 32 32h384c17.67 0 32-14.33 32-32v-32c0-17.67-14.33-32-32-32z\"><\/path><\/svg>\t\t\t\t\t\t\t\t\t\t<\/span>\n\t\t\t\t\t\t\t\t\t\n\t\t\t\t\t\t\t\t<\/span>\n\t\t\t\t\t\t\t\n\t\t\t\t\t\t\t<span role=\"heading\" class=\"bdt-ep-title-text bdt-flex bdt-flex-middle\">\n\n\t\t\t\t\t\t\t\t\t\t\t\t\t\t\t\tKann ich den Erholungspass f\u00fcr alle Nationalparks verwenden?\t\t\t\t\t\t\t<\/span>\n\n\t\t\t\t\t\t<\/div>\n\t\t\t\t\t\t<div class=\"bdt-ep-accordion-content bdt-accordion-content\">\n\t\t\t\t\t\t\t<ol><li><p>Der Freizeitpass ist f\u00fcr die teilnehmenden staatlichen und nationalen Parks und Erholungsgebiete g\u00fcltig.<\/p><\/li><\/ol>\t\t\t\t\t\t<\/div>\n\t\t\t\t\t<\/div>\n\t\t\t\t\t\t\t<\/div>\n\t\t<\/div>\n\t\t\t\t<\/div>\n\t\t\t\t<\/div>\n\t\t\t\t\t<\/div>\n\t\t\t\t<\/div>\n\t\t\t\t<\/div>","protected":false},"excerpt":{"rendered":"<p>Wie man einen Freizeitpass einfach und sicher online kauft Ein Freizeitpass ist Ihre Eintrittskarte in die freie Natur und gew\u00e4hrt Ihnen Zugang zu staatlichen und nationalen Parks, Erholungsgebieten und anderen Naturattraktionen. Der Online-Kauf eines Freizeitpasses ist nicht nur bequem, sondern gew\u00e4hrleistet auch, dass Sie Ihre Outdoor-Abenteuer ohne Verz\u00f6gerung planen k\u00f6nnen. Dieser [...]<\/p>","protected":false},"author":1,"featured_media":0,"parent":0,"menu_order":0,"comment_status":"closed","ping_status":"closed","template":"","meta":{"site-sidebar-layout":"no-sidebar","site-content-layout":"page-builder","ast-site-content-layout":"full-width-container","site-content-style":"default","site-sidebar-style":"default","ast-global-header-display":"","ast-banner-title-visibility":"","ast-main-header-display":"","ast-hfb-above-header-display":"","ast-hfb-below-header-display":"","ast-hfb-mobile-header-display":"","site-post-title":"disabled","ast-breadcrumbs-content":"","ast-featured-img":"disabled","footer-sml-layout":"","theme-transparent-header-meta":"","adv-header-id-meta":"","stick-header-meta":"","header-above-stick-meta":"","header-main-stick-meta":"","header-below-stick-meta":"","astra-migrate-meta-layouts":"set","ast-page-background-enabled":"default","ast-page-background-meta":{"desktop":{"background-color":"","background-image":"","background-repeat":"repeat","background-position":"center center","background-size":"auto","background-attachment":"scroll","background-type":"","background-media":"","overlay-type":"","overlay-color":"","overlay-gradient":""},"tablet":{"background-color":"","background-image":"","background-repeat":"repeat","background-position":"center center","background-size":"auto","background-attachment":"scroll","background-type":"","background-media":"","overlay-type":"","overlay-color":"","overlay-gradient":""},"mobile":{"background-color":"","background-image":"","background-repeat":"repeat","background-position":"center center","background-size":"auto","background-attachment":"scroll","background-type":"","background-media":"","overlay-type":"","overlay-color":"","overlay-gradient":""}},"ast-content-background-meta":{"desktop":{"background-color":"var(--ast-global-color-5)","background-image":"","background-repeat":"repeat","background-position":"center center","background-size":"auto","background-attachment":"scroll","background-type":"","background-media":"","overlay-type":"","overlay-color":"","overlay-gradient":""},"tablet":{"background-color":"var(--ast-global-color-5)","background-image":"","background-repeat":"repeat","background-position":"center center","background-size":"auto","background-attachment":"scroll","background-type":"","background-media":"","overlay-type":"","overlay-color":"","overlay-gradient":""},"mobile":{"background-color":"var(--ast-global-color-5)","background-image":"","background-repeat":"repeat","background-position":"center center","background-size":"auto","background-attachment":"scroll","background-type":"","background-media":"","overlay-type":"","overlay-color":"","overlay-gradient":""}},"footnotes":""},"class_list":["post-1450","page","type-page","status-publish","hentry"],"_links":{"self":[{"href":"https:\/\/realdocumen.com\/de\/wp-json\/wp\/v2\/pages\/1450","targetHints":{"allow":["GET"]}}],"collection":[{"href":"https:\/\/realdocumen.com\/de\/wp-json\/wp\/v2\/pages"}],"about":[{"href":"https:\/\/realdocumen.com\/de\/wp-json\/wp\/v2\/types\/page"}],"author":[{"embeddable":true,"href":"https:\/\/realdocumen.com\/de\/wp-json\/wp\/v2\/users\/1"}],"replies":[{"embeddable":true,"href":"https:\/\/realdocumen.com\/de\/wp-json\/wp\/v2\/comments?post=1450"}],"version-history":[{"count":19,"href":"https:\/\/realdocumen.com\/de\/wp-json\/wp\/v2\/pages\/1450\/revisions"}],"predecessor-version":[{"id":1610,"href":"https:\/\/realdocumen.com\/de\/wp-json\/wp\/v2\/pages\/1450\/revisions\/1610"}],"wp:attachment":[{"href":"https:\/\/realdocumen.com\/de\/wp-json\/wp\/v2\/media?parent=1450"}],"curies":[{"name":"wp","href":"https:\/\/api.w.org\/{rel}","templated":true}]}}